{"id":46,"date":"2014-04-23T12:54:05","date_gmt":"2014-04-23T10:54:05","guid":{"rendered":"http:\/\/jaattlaget.com\/?page_id=46"},"modified":"2024-08-14T16:45:47","modified_gmt":"2024-08-14T14:45:47","slug":"news","status":"publish","type":"page","link":"https:\/\/jaattlaget.com\/en\/news\/","title":{"rendered":"News"},"content":{"rendered":"\n<figure class=\"wp-block-image size-full is-style-rounded is-style-rounded--1\"><a href=\"https:\/\/i0.wp.com\/jaattlaget.com\/en\/wp-content\/uploads\/2014\/04\/pexels-photo-1684916.jpeg?ssl=1\"><img data-recalc-dims=\"1\" loading=\"lazy\" decoding=\"async\" width=\"1880\" height=\"1253\" data-attachment-id=\"3263\" data-permalink=\"https:\/\/jaattlaget.com\/en\/news\/pexels-photo-1684916\/\" data-orig-file=\"https:\/\/i0.wp.com\/jaattlaget.com\/en\/wp-content\/uploads\/2014\/04\/pexels-photo-1684916.jpeg?fit=1880%2C1253&amp;ssl=1\" data-orig-size=\"1880,1253\" data-comments-opened=\"1\" data-image-meta=\"{&quot;aperture&quot;:&quot;0&quot;,&quot;credit&quot;:&quot;&quot;,&quot;camera&quot;:&quot;&quot;,&quot;caption&quot;:&quot;Photo by Daria Obymaha on &lt;a href=\\&quot;https:\/\/www.pexels.com\/photo\/man-sitting-reading-newspaper-1684916\/\\&quot; rel=\\&quot;nofollow\\&quot;&gt;Pexels.com&lt;\/a&gt;&quot;,&quot;created_timestamp&quot;:&quot;0&quot;,&quot;copyright&quot;:&quot;&quot;,&quot;focal_length&quot;:&quot;0&quot;,&quot;iso&quot;:&quot;0&quot;,&quot;shutter_speed&quot;:&quot;0&quot;,&quot;title&quot;:&quot;man sitting reading newspaper&quot;,&quot;orientation&quot;:&quot;0&quot;}\" data-image-title=\"pexels-photo-1684916\" data-image-description=\"\" data-image-caption=\"&lt;p&gt;Photo by Daria Obymaha on &lt;a href=&quot;https:\/\/www.pexels.com\/photo\/man-sitting-reading-newspaper-1684916\/&quot; rel=&quot;nofollow&quot;&gt;Pexels.com&lt;\/a&gt;&lt;\/p&gt;\n\" data-large-file=\"https:\/\/i0.wp.com\/jaattlaget.com\/en\/wp-content\/uploads\/2014\/04\/pexels-photo-1684916.jpeg?fit=1024%2C682&amp;ssl=1\" src=\"https:\/\/i0.wp.com\/jaattlaget.com\/en\/wp-content\/uploads\/2014\/04\/pexels-photo-1684916.jpeg?resize=1880%2C1253&#038;ssl=1\" alt=\"man sitting reading newspaper\" class=\"wp-image-3263\" style=\"aspect-ratio:16\/9;object-fit:cover\" srcset=\"https:\/\/i0.wp.com\/jaattlaget.com\/en\/wp-content\/uploads\/2014\/04\/pexels-photo-1684916.jpeg?w=1880&amp;ssl=1 1880w, https:\/\/i0.wp.com\/jaattlaget.com\/en\/wp-content\/uploads\/2014\/04\/pexels-photo-1684916.jpeg?resize=300%2C200&amp;ssl=1 300w, https:\/\/i0.wp.com\/jaattlaget.com\/en\/wp-content\/uploads\/2014\/04\/pexels-photo-1684916.jpeg?resize=1024%2C682&amp;ssl=1 1024w, https:\/\/i0.wp.com\/jaattlaget.com\/en\/wp-content\/uploads\/2014\/04\/pexels-photo-1684916.jpeg?resize=768%2C512&amp;ssl=1 768w, https:\/\/i0.wp.com\/jaattlaget.com\/en\/wp-content\/uploads\/2014\/04\/pexels-photo-1684916.jpeg?resize=1536%2C1024&amp;ssl=1 1536w\" sizes=\"auto, (max-width: 1000px) 100vw, 1000px\" \/><\/a><figcaption class=\"wp-element-caption\">Photo by Daria Obymaha on <a href=\"https:\/\/www.pexels.com\/photo\/man-sitting-reading-newspaper-1684916\/\" rel=\"nofollow\">Pexels.com<\/a><\/figcaption><\/figure>\n\n\n<ul class=\"wp-block-latest-posts__list has-dates wp-block-latest-posts\"><li><div class=\"wp-block-latest-posts__featured-image\"><img loading=\"lazy\" decoding=\"async\" width=\"300\" height=\"186\" src=\"https:\/\/i0.wp.com\/jaattlaget.com\/en\/wp-content\/uploads\/2025\/05\/Totalvrak.jpg?fit=300%2C186&amp;ssl=1\" class=\"attachment-medium size-medium wp-post-image\" alt=\"\" style=\"\" srcset=\"https:\/\/i0.wp.com\/jaattlaget.com\/en\/wp-content\/uploads\/2025\/05\/Totalvrak.jpg?w=1200&amp;ssl=1 1200w, https:\/\/i0.wp.com\/jaattlaget.com\/en\/wp-content\/uploads\/2025\/05\/Totalvrak.jpg?resize=300%2C186&amp;ssl=1 300w, https:\/\/i0.wp.com\/jaattlaget.com\/en\/wp-content\/uploads\/2025\/05\/Totalvrak.jpg?resize=1024%2C636&amp;ssl=1 1024w, https:\/\/i0.wp.com\/jaattlaget.com\/en\/wp-content\/uploads\/2025\/05\/Totalvrak.jpg?resize=768%2C477&amp;ssl=1 768w\" sizes=\"auto, (max-width: 300px) 100vw, 300px\" data-attachment-id=\"3419\" data-permalink=\"https:\/\/jaattlaget.com\/en\/totalvrak\/\" data-orig-file=\"https:\/\/i0.wp.com\/jaattlaget.com\/en\/wp-content\/uploads\/2025\/05\/Totalvrak.jpg?fit=1200%2C745&amp;ssl=1\" data-orig-size=\"1200,745\" data-comments-opened=\"1\" data-image-meta=\"{&quot;aperture&quot;:&quot;0&quot;,&quot;credit&quot;:&quot;&quot;,&quot;camera&quot;:&quot;&quot;,&quot;caption&quot;:&quot;&quot;,&quot;created_timestamp&quot;:&quot;0&quot;,&quot;copyright&quot;:&quot;&quot;,&quot;focal_length&quot;:&quot;0&quot;,&quot;iso&quot;:&quot;0&quot;,&quot;shutter_speed&quot;:&quot;0&quot;,&quot;title&quot;:&quot;&quot;,&quot;orientation&quot;:&quot;0&quot;}\" data-image-title=\"A total wreck\" data-image-description=\"\" data-image-caption=\"&lt;p&gt;&amp;#8220;When everything was loose, it was time to get the sails on board and all the rigging on top of it so it&amp;#8217;s lying around here now in a horrible mess &amp;#8230; so the expensive yacht Yankee doesn&amp;#8217;t look like a yacht anymore, but a total wreck.&amp;#8221; Photo: Ole P. Dalland&lt;\/p&gt;\n\" data-large-file=\"https:\/\/i0.wp.com\/jaattlaget.com\/en\/wp-content\/uploads\/2025\/05\/Totalvrak.jpg?fit=1024%2C636&amp;ssl=1\" \/><\/div><a class=\"wp-block-latest-posts__post-title\" href=\"https:\/\/jaattlaget.com\/en\/2025\/05\/03\/the-expensive-yacht-yankee-doesnt-look-like-a-yacht-anymore-but-a-total-wreck\/\">&#8220;The expensive yacht Yankee doesn&#8217;t look like a yacht anymore, but a total wreck&#8221;<\/a><time datetime=\"2025-05-03T13:44:27+02:00\" class=\"wp-block-latest-posts__post-date\">3 May , 2025<\/time><div class=\"wp-block-latest-posts__post-excerpt\">What was it like to be a crew member on a boat like the &#8220;Yankee&#8221; \u2013 and how did the dramatic dismasting at Dartmouth unfold for those on board? The diaries of Ole P. Dalland give us a unique insight. From his homestead at \u00d8vra Dalland, Ole P. Dalland (1904\u20131985) like many others from Tysnes\u2026 <a class=\"wp-block-latest-posts__read-more\" href=\"https:\/\/jaattlaget.com\/en\/2025\/05\/03\/the-expensive-yacht-yankee-doesnt-look-like-a-yacht-anymore-but-a-total-wreck\/\" rel=\"noopener noreferrer\">Read more<span class=\"screen-reader-text\">: &#8220;The expensive yacht Yankee doesn&#8217;t look like a yacht anymore, but a total wreck&#8221;<\/span><\/a><\/div><\/li>\n<li><div class=\"wp-block-latest-posts__featured-image\"><img loading=\"lazy\" decoding=\"async\" width=\"300\" height=\"164\" src=\"https:\/\/i0.wp.com\/jaattlaget.com\/en\/wp-content\/uploads\/2025\/04\/Yankee_dismasted.jpg?fit=300%2C164&amp;ssl=1\" class=\"attachment-medium size-medium wp-post-image\" alt=\"\" style=\"\" srcset=\"https:\/\/i0.wp.com\/jaattlaget.com\/en\/wp-content\/uploads\/2025\/04\/Yankee_dismasted.jpg?w=1593&amp;ssl=1 1593w, https:\/\/i0.wp.com\/jaattlaget.com\/en\/wp-content\/uploads\/2025\/04\/Yankee_dismasted.jpg?resize=300%2C164&amp;ssl=1 300w, https:\/\/i0.wp.com\/jaattlaget.com\/en\/wp-content\/uploads\/2025\/04\/Yankee_dismasted.jpg?resize=1024%2C560&amp;ssl=1 1024w, https:\/\/i0.wp.com\/jaattlaget.com\/en\/wp-content\/uploads\/2025\/04\/Yankee_dismasted.jpg?resize=768%2C420&amp;ssl=1 768w, https:\/\/i0.wp.com\/jaattlaget.com\/en\/wp-content\/uploads\/2025\/04\/Yankee_dismasted.jpg?resize=1536%2C840&amp;ssl=1 1536w\" sizes=\"auto, (max-width: 300px) 100vw, 300px\" data-attachment-id=\"3412\" data-permalink=\"https:\/\/jaattlaget.com\/en\/2025\/04\/01\/when-the-mast-broke-on-yankee\/yankee_dismasted\/\" data-orig-file=\"https:\/\/i0.wp.com\/jaattlaget.com\/en\/wp-content\/uploads\/2025\/04\/Yankee_dismasted.jpg?fit=1593%2C871&amp;ssl=1\" data-orig-size=\"1593,871\" data-comments-opened=\"1\" data-image-meta=\"{&quot;aperture&quot;:&quot;0&quot;,&quot;credit&quot;:&quot;&quot;,&quot;camera&quot;:&quot;&quot;,&quot;caption&quot;:&quot;&quot;,&quot;created_timestamp&quot;:&quot;0&quot;,&quot;copyright&quot;:&quot;&quot;,&quot;focal_length&quot;:&quot;0&quot;,&quot;iso&quot;:&quot;0&quot;,&quot;shutter_speed&quot;:&quot;0&quot;,&quot;title&quot;:&quot;&quot;,&quot;orientation&quot;:&quot;0&quot;}\" data-image-title=\"Yankee dismasted\" data-image-description=\"\" data-image-caption=\"&lt;p&gt;Yankee presented a sorry spectacle as she was towed into Dartmouth harbour after her dismasting on August 31, 1935.&lt;\/p&gt;\n\" data-large-file=\"https:\/\/i0.wp.com\/jaattlaget.com\/en\/wp-content\/uploads\/2025\/04\/Yankee_dismasted.jpg?fit=1024%2C560&amp;ssl=1\" \/><\/div><a class=\"wp-block-latest-posts__post-title\" href=\"https:\/\/jaattlaget.com\/en\/2025\/04\/01\/when-the-mast-broke-on-yankee\/\">When the mast broke on &#8220;Yankee&#8221;<\/a><time datetime=\"2025-04-01T11:58:27+02:00\" class=\"wp-block-latest-posts__post-date\">1 April , 2025<\/time><div class=\"wp-block-latest-posts__post-excerpt\">It is August 31, 1935. Off Dartmouth on the southwestern coast of England, four magnificent J-class boats are meeting up for the very last race of the season. For the crew of \u201cYankee\u201d, most of whom from Tysnes, it will be a highly dramatic day at sea. Just over twenty minutes after the start, \u201cYankee\u201d\u2026 <a class=\"wp-block-latest-posts__read-more\" href=\"https:\/\/jaattlaget.com\/en\/2025\/04\/01\/when-the-mast-broke-on-yankee\/\" rel=\"noopener noreferrer\">Read more<span class=\"screen-reader-text\">: When the mast broke on &#8220;Yankee&#8221;<\/span><\/a><\/div><\/li>\n<li><div class=\"wp-block-latest-posts__featured-image\"><img loading=\"lazy\" decoding=\"async\" width=\"300\" height=\"169\" src=\"https:\/\/i0.wp.com\/jaattlaget.com\/en\/wp-content\/uploads\/2025\/01\/Resolute_1926.jpg?fit=300%2C169&amp;ssl=1\" class=\"attachment-medium size-medium wp-post-image\" alt=\"\" style=\"\" srcset=\"https:\/\/i0.wp.com\/jaattlaget.com\/en\/wp-content\/uploads\/2025\/01\/Resolute_1926.jpg?w=1920&amp;ssl=1 1920w, https:\/\/i0.wp.com\/jaattlaget.com\/en\/wp-content\/uploads\/2025\/01\/Resolute_1926.jpg?resize=300%2C169&amp;ssl=1 300w, https:\/\/i0.wp.com\/jaattlaget.com\/en\/wp-content\/uploads\/2025\/01\/Resolute_1926.jpg?resize=1024%2C576&amp;ssl=1 1024w, https:\/\/i0.wp.com\/jaattlaget.com\/en\/wp-content\/uploads\/2025\/01\/Resolute_1926.jpg?resize=768%2C432&amp;ssl=1 768w, https:\/\/i0.wp.com\/jaattlaget.com\/en\/wp-content\/uploads\/2025\/01\/Resolute_1926.jpg?resize=1536%2C864&amp;ssl=1 1536w\" sizes=\"auto, (max-width: 300px) 100vw, 300px\" data-attachment-id=\"3398\" data-permalink=\"https:\/\/jaattlaget.com\/en\/2025\/01\/29\/unique-footage-from-resolute-1926\/screenshot\/\" data-orig-file=\"https:\/\/i0.wp.com\/jaattlaget.com\/en\/wp-content\/uploads\/2025\/01\/Resolute_1926.jpg?fit=1920%2C1080&amp;ssl=1\" data-orig-size=\"1920,1080\" data-comments-opened=\"1\" data-image-meta=\"{&quot;aperture&quot;:&quot;0&quot;,&quot;credit&quot;:&quot;&quot;,&quot;camera&quot;:&quot;&quot;,&quot;caption&quot;:&quot;Screenshot&quot;,&quot;created_timestamp&quot;:&quot;0&quot;,&quot;copyright&quot;:&quot;&quot;,&quot;focal_length&quot;:&quot;0&quot;,&quot;iso&quot;:&quot;0&quot;,&quot;shutter_speed&quot;:&quot;0&quot;,&quot;title&quot;:&quot;Screenshot&quot;,&quot;orientation&quot;:&quot;1&quot;}\" data-image-title=\"&amp;#8220;Resolute&amp;#8221;, 1926\" data-image-description=\"\" data-image-caption=\"&lt;p&gt;Screendump of 1926 film from &amp;#8220;Resolute&amp;#8221;.&lt;\/p&gt;\n\" data-large-file=\"https:\/\/i0.wp.com\/jaattlaget.com\/en\/wp-content\/uploads\/2025\/01\/Resolute_1926.jpg?fit=1024%2C576&amp;ssl=1\" \/><\/div><a class=\"wp-block-latest-posts__post-title\" href=\"https:\/\/jaattlaget.com\/en\/2025\/01\/29\/unique-footage-from-resolute-1926\/\">Unique footage from &#8220;Resolute&#8221;, 1926<\/a><time datetime=\"2025-01-29T13:22:22+01:00\" class=\"wp-block-latest-posts__post-date\">29 January , 2025<\/time><div class=\"wp-block-latest-posts__post-excerpt\">Tysnes yacht sailor museum researcher Knut Arne Gr\u00f8teide has spent numerous hours surveying yacht sailors from Tysnes, accidentally leading him to a video clip from a yacht known to many a Tysnesing, the &#8220;Resolute&#8221;, shot in 1926. The clip is an amateur film of a cruise taken by a group of friends or family members\u2026 <a class=\"wp-block-latest-posts__read-more\" href=\"https:\/\/jaattlaget.com\/en\/2025\/01\/29\/unique-footage-from-resolute-1926\/\" rel=\"noopener noreferrer\">Read more<span class=\"screen-reader-text\">: Unique footage from &#8220;Resolute&#8221;, 1926<\/span><\/a><\/div><\/li>\n<li><div class=\"wp-block-latest-posts__featured-image\"><img loading=\"lazy\" decoding=\"async\" width=\"300\" height=\"193\" src=\"https:\/\/i0.wp.com\/jaattlaget.com\/en\/wp-content\/uploads\/2025\/01\/crew_list.jpg?fit=300%2C193&amp;ssl=1\" class=\"attachment-medium size-medium wp-post-image\" alt=\"\" style=\"\" srcset=\"https:\/\/i0.wp.com\/jaattlaget.com\/en\/wp-content\/uploads\/2025\/01\/crew_list.jpg?w=1920&amp;ssl=1 1920w, https:\/\/i0.wp.com\/jaattlaget.com\/en\/wp-content\/uploads\/2025\/01\/crew_list.jpg?resize=300%2C193&amp;ssl=1 300w, https:\/\/i0.wp.com\/jaattlaget.com\/en\/wp-content\/uploads\/2025\/01\/crew_list.jpg?resize=1024%2C660&amp;ssl=1 1024w, https:\/\/i0.wp.com\/jaattlaget.com\/en\/wp-content\/uploads\/2025\/01\/crew_list.jpg?resize=768%2C495&amp;ssl=1 768w, https:\/\/i0.wp.com\/jaattlaget.com\/en\/wp-content\/uploads\/2025\/01\/crew_list.jpg?resize=1536%2C990&amp;ssl=1 1536w\" sizes=\"auto, (max-width: 300px) 100vw, 300px\" data-attachment-id=\"3372\" data-permalink=\"https:\/\/jaattlaget.com\/en\/crew_list\/\" data-orig-file=\"https:\/\/i0.wp.com\/jaattlaget.com\/en\/wp-content\/uploads\/2025\/01\/crew_list.jpg?fit=1920%2C1238&amp;ssl=1\" data-orig-size=\"1920,1238\" data-comments-opened=\"1\" data-image-meta=\"{&quot;aperture&quot;:&quot;1.5&quot;,&quot;credit&quot;:&quot;&quot;,&quot;camera&quot;:&quot;&quot;,&quot;caption&quot;:&quot;&quot;,&quot;created_timestamp&quot;:&quot;1737635954&quot;,&quot;copyright&quot;:&quot;&quot;,&quot;focal_length&quot;:&quot;5.7&quot;,&quot;iso&quot;:&quot;80&quot;,&quot;shutter_speed&quot;:&quot;0.02&quot;,&quot;title&quot;:&quot;&quot;,&quot;orientation&quot;:&quot;1&quot;}\" data-image-title=\"Crew list\" data-image-description=\"\" data-image-caption=\"&lt;p&gt;Crew list&lt;\/p&gt;\n\" data-large-file=\"https:\/\/i0.wp.com\/jaattlaget.com\/en\/wp-content\/uploads\/2025\/01\/crew_list.jpg?fit=1024%2C660&amp;ssl=1\" \/><\/div><a class=\"wp-block-latest-posts__post-title\" href=\"https:\/\/jaattlaget.com\/en\/2025\/01\/23\/a-call-for-crewmen-portraits\/\">A call for crewmen portraits<\/a><time datetime=\"2025-01-23T15:02:39+01:00\" class=\"wp-block-latest-posts__post-date\">23 January , 2025<\/time><div class=\"wp-block-latest-posts__post-excerpt\">For almost 50 years Norwegian crew members dominated the yachts competing in America&#8217;s Cup and other regattas, many of whom from Tysnes. Last December the Tysnes yacht sailor museum released an online listing of more than 100 of them, inviting descendants to provide pictures and additional information, if available. &#8220;As of mid-January 2025 we have\u2026 <a class=\"wp-block-latest-posts__read-more\" href=\"https:\/\/jaattlaget.com\/en\/2025\/01\/23\/a-call-for-crewmen-portraits\/\" rel=\"noopener noreferrer\">Read more<span class=\"screen-reader-text\">: A call for crewmen portraits<\/span><\/a><\/div><\/li>\n<li><div class=\"wp-block-latest-posts__featured-image\"><img loading=\"lazy\" decoding=\"async\" width=\"225\" height=\"300\" src=\"https:\/\/i0.wp.com\/jaattlaget.com\/en\/wp-content\/uploads\/2024\/08\/Popup_NY.jpg?fit=225%2C300&amp;ssl=1\" class=\"attachment-medium size-medium wp-post-image\" alt=\"\" style=\"\" srcset=\"https:\/\/i0.wp.com\/jaattlaget.com\/en\/wp-content\/uploads\/2024\/08\/Popup_NY.jpg?w=1512&amp;ssl=1 1512w, https:\/\/i0.wp.com\/jaattlaget.com\/en\/wp-content\/uploads\/2024\/08\/Popup_NY.jpg?resize=225%2C300&amp;ssl=1 225w, https:\/\/i0.wp.com\/jaattlaget.com\/en\/wp-content\/uploads\/2024\/08\/Popup_NY.jpg?resize=768%2C1024&amp;ssl=1 768w, https:\/\/i0.wp.com\/jaattlaget.com\/en\/wp-content\/uploads\/2024\/08\/Popup_NY.jpg?resize=1152%2C1536&amp;ssl=1 1152w\" sizes=\"auto, (max-width: 225px) 100vw, 225px\" data-attachment-id=\"3251\" data-permalink=\"https:\/\/jaattlaget.com\/en\/2024\/08\/14\/tysnes-yacht-sailor-exhibition-in-the-u-s\/popup_ny\/\" data-orig-file=\"https:\/\/i0.wp.com\/jaattlaget.com\/en\/wp-content\/uploads\/2024\/08\/Popup_NY.jpg?fit=1512%2C2016&amp;ssl=1\" data-orig-size=\"1512,2016\" data-comments-opened=\"1\" data-image-meta=\"{&quot;aperture&quot;:&quot;1.8&quot;,&quot;credit&quot;:&quot;&quot;,&quot;camera&quot;:&quot;iPhone 8 Plus&quot;,&quot;caption&quot;:&quot;&quot;,&quot;created_timestamp&quot;:&quot;0&quot;,&quot;copyright&quot;:&quot;&quot;,&quot;focal_length&quot;:&quot;4&quot;,&quot;iso&quot;:&quot;100&quot;,&quot;shutter_speed&quot;:&quot;0.083333333333333&quot;,&quot;title&quot;:&quot;Popup_NY&quot;,&quot;orientation&quot;:&quot;1&quot;}\" data-image-title=\"Popup wall in New York\" data-image-description=\"\" data-image-caption=\"&lt;p&gt;Section of the Norwegian Steam exhibition in New York Yacht Club, 2019.&lt;\/p&gt;\n\" data-large-file=\"https:\/\/i0.wp.com\/jaattlaget.com\/en\/wp-content\/uploads\/2024\/08\/Popup_NY.jpg?fit=768%2C1024&amp;ssl=1\" \/><\/div><a class=\"wp-block-latest-posts__post-title\" href=\"https:\/\/jaattlaget.com\/en\/2024\/08\/14\/tysnes-yacht-sailor-exhibition-in-the-u-s\/\">Tysnes yacht sailor exhibition in the U.S.<\/a><time datetime=\"2024-08-14T11:51:27+02:00\" class=\"wp-block-latest-posts__post-date\">14 August , 2024<\/time><div class=\"wp-block-latest-posts__post-excerpt\">In connection with New York Yacht Club&#8217;s 175th anniversary in 2019 Venelaget for Tysnes J\u00e5ttmuseum was asked to provide relevant objects from the permanent exhibition at Tysnes. The objects, along with a display and the Norwegian Steam video (below) were available for the American public for the duration of the year. Most of the items\u2026 <a class=\"wp-block-latest-posts__read-more\" href=\"https:\/\/jaattlaget.com\/en\/2024\/08\/14\/tysnes-yacht-sailor-exhibition-in-the-u-s\/\" rel=\"noopener noreferrer\">Read more<span class=\"screen-reader-text\">: Tysnes yacht sailor exhibition in the U.S.<\/span><\/a><\/div><\/li>\n<\/ul>","protected":false},"excerpt":{"rendered":"","protected":false},"author":2,"featured_media":0,"parent":0,"menu_order":0,"comment_status":"closed","ping_status":"closed","template":"blog-post.php","meta":{"jetpack_post_was_ever_published":false,"footnotes":""},"class_list":["post-46","page","type-page","status-publish","hentry"],"jetpack_shortlink":"https:\/\/wp.me\/P4IEmy-K","jetpack_sharing_enabled":true,"jetpack_likes_enabled":true,"jetpack-related-posts":[{"id":241,"url":"https:\/\/jaattlaget.com\/en\/multimedia\/audio\/","url_meta":{"origin":46,"position":0},"title":"Audio","author":"Jarle Petterson","date":"25 April , 2014","format":false,"excerpt":"Photo by Anthony \ud83d\ude42 on Pexels.com \"J\u00e5ttsong\" Lyrics\/vocal: Anders BakkeComposed by: Kolbj\u00f8rn Tvedt","rel":"","context":"Similar post","block_context":{"text":"Similar post","link":""},"img":{"alt_text":"closed up photography of brown wooden framed sony speaker","src":"https:\/\/i0.wp.com\/jaattlaget.com\/en\/wp-content\/uploads\/2014\/04\/pexels-photo-157534.jpeg?resize=350%2C200&ssl=1","width":350,"height":200,"srcset":"https:\/\/i0.wp.com\/jaattlaget.com\/en\/wp-content\/uploads\/2014\/04\/pexels-photo-157534.jpeg?resize=350%2C200&ssl=1 1x, https:\/\/i0.wp.com\/jaattlaget.com\/en\/wp-content\/uploads\/2014\/04\/pexels-photo-157534.jpeg?resize=525%2C300&ssl=1 1.5x, https:\/\/i0.wp.com\/jaattlaget.com\/en\/wp-content\/uploads\/2014\/04\/pexels-photo-157534.jpeg?resize=700%2C400&ssl=1 2x, https:\/\/i0.wp.com\/jaattlaget.com\/en\/wp-content\/uploads\/2014\/04\/pexels-photo-157534.jpeg?resize=1050%2C600&ssl=1 3x, https:\/\/i0.wp.com\/jaattlaget.com\/en\/wp-content\/uploads\/2014\/04\/pexels-photo-157534.jpeg?resize=1400%2C800&ssl=1 4x"},"classes":[]},{"id":20,"url":"https:\/\/jaattlaget.com\/en\/multimedia\/photo\/","url_meta":{"origin":46,"position":1},"title":"Photo","author":"Jarle Petterson","date":"23 April , 2014","format":false,"excerpt":"We have put together a small collection of yacht sailor photographs. Please click images for larger renditions.","rel":"","context":"Similar post","block_context":{"text":"Similar post","link":""},"img":{"alt_text":"","src":"https:\/\/i0.wp.com\/jaattlaget.com\/en\/wp-content\/uploads\/2014\/04\/songarstemne01.jpg?resize=350%2C200&ssl=1","width":350,"height":200,"srcset":"https:\/\/i0.wp.com\/jaattlaget.com\/en\/wp-content\/uploads\/2014\/04\/songarstemne01.jpg?resize=350%2C200&ssl=1 1x, https:\/\/i0.wp.com\/jaattlaget.com\/en\/wp-content\/uploads\/2014\/04\/songarstemne01.jpg?resize=525%2C300&ssl=1 1.5x, https:\/\/i0.wp.com\/jaattlaget.com\/en\/wp-content\/uploads\/2014\/04\/songarstemne01.jpg?resize=700%2C400&ssl=1 2x"},"classes":[]},{"id":239,"url":"https:\/\/jaattlaget.com\/en\/multimedia\/","url_meta":{"origin":46,"position":2},"title":"Multimedia","author":"Jarle Petterson","date":"25 April , 2014","format":false,"excerpt":"We have assembled a small collection of photographs, videos and audio clips, to be found on the following pages (also as choices under Multimedia in menu): Photo Video Audio","rel":"","context":"Similar post","block_context":{"text":"Similar post","link":""},"img":{"alt_text":"","src":"https:\/\/i0.wp.com\/jaattlaget.com\/en\/wp-content\/uploads\/2014\/04\/multimedia-bilde4.jpg?resize=350%2C200&ssl=1","width":350,"height":200,"srcset":"https:\/\/i0.wp.com\/jaattlaget.com\/en\/wp-content\/uploads\/2014\/04\/multimedia-bilde4.jpg?resize=350%2C200&ssl=1 1x, https:\/\/i0.wp.com\/jaattlaget.com\/en\/wp-content\/uploads\/2014\/04\/multimedia-bilde4.jpg?resize=525%2C300&ssl=1 1.5x, https:\/\/i0.wp.com\/jaattlaget.com\/en\/wp-content\/uploads\/2014\/04\/multimedia-bilde4.jpg?resize=700%2C400&ssl=1 2x, https:\/\/i0.wp.com\/jaattlaget.com\/en\/wp-content\/uploads\/2014\/04\/multimedia-bilde4.jpg?resize=1050%2C600&ssl=1 3x"},"classes":[]},{"id":189,"url":"https:\/\/jaattlaget.com\/en\/the-story\/norwegians-enter-americas-cup\/","url_meta":{"origin":46,"position":3},"title":"Norwegians enter America&#8217;s Cup","author":"Jarle Petterson","date":"25 April , 2014","format":false,"excerpt":"A team at work on board J-boat \u201cRanger\u201d. No Norwegian vessel ever partook in America's Cup, but many an American boat counted a majority of Norwegians among its crew, rendering Norwegian sailors an important factor in this particular regatta. Throughout the 1870s and 1880s a good many Scandinavians, especially Norwegians,\u2026","rel":"","context":"Similar post","block_context":{"text":"Similar post","link":""},"img":{"alt_text":"","src":"https:\/\/i0.wp.com\/jaattlaget.com\/en\/wp-content\/uploads\/2014\/04\/ranger-crew01.jpg?resize=350%2C200&ssl=1","width":350,"height":200,"srcset":"https:\/\/i0.wp.com\/jaattlaget.com\/en\/wp-content\/uploads\/2014\/04\/ranger-crew01.jpg?resize=350%2C200&ssl=1 1x, https:\/\/i0.wp.com\/jaattlaget.com\/en\/wp-content\/uploads\/2014\/04\/ranger-crew01.jpg?resize=525%2C300&ssl=1 1.5x, https:\/\/i0.wp.com\/jaattlaget.com\/en\/wp-content\/uploads\/2014\/04\/ranger-crew01.jpg?resize=700%2C400&ssl=1 2x"},"classes":[]},{"id":39,"url":"https:\/\/jaattlaget.com\/en\/links\/tysnes-links\/","url_meta":{"origin":46,"position":4},"title":"Tysnes links","author":"Jarle Petterson","date":"23 April , 2014","format":false,"excerpt":"Bladet \"Tysnes\" (local newspaper) Tysnesingen (local news) Tysnes Kommune (the local authorities) Tysnesfest (music festival) VisitTysnes Siglarlaget Njord Tysnes (sailing club) V\u00e5ge hamn (marina) Lunde b\u00e5tlag (marina) Tysnes B\u00e5thamn (marina) Galleri Elisabeth G (art gallery) Haaheim Gaard (restaurant\/hotel) Mandelhuset (restaurant)","rel":"","context":"Similar post","block_context":{"text":"Similar post","link":""},"img":{"alt_text":"","src":"https:\/\/i0.wp.com\/jaattlaget.com\/en\/wp-content\/uploads\/2024\/08\/tysnes-in-norway-map-with-sailboats-in-surrounding-sea.png?resize=350%2C200&ssl=1","width":350,"height":200,"srcset":"https:\/\/i0.wp.com\/jaattlaget.com\/en\/wp-content\/uploads\/2024\/08\/tysnes-in-norway-map-with-sailboats-in-surrounding-sea.png?resize=350%2C200&ssl=1 1x, https:\/\/i0.wp.com\/jaattlaget.com\/en\/wp-content\/uploads\/2024\/08\/tysnes-in-norway-map-with-sailboats-in-surrounding-sea.png?resize=525%2C300&ssl=1 1.5x, https:\/\/i0.wp.com\/jaattlaget.com\/en\/wp-content\/uploads\/2024\/08\/tysnes-in-norway-map-with-sailboats-in-surrounding-sea.png?resize=700%2C400&ssl=1 2x, https:\/\/i0.wp.com\/jaattlaget.com\/en\/wp-content\/uploads\/2024\/08\/tysnes-in-norway-map-with-sailboats-in-surrounding-sea.png?resize=1050%2C600&ssl=1 3x, https:\/\/i0.wp.com\/jaattlaget.com\/en\/wp-content\/uploads\/2024\/08\/tysnes-in-norway-map-with-sailboats-in-surrounding-sea.png?resize=1400%2C800&ssl=1 4x"},"classes":[]}],"_links":{"self":[{"href":"https:\/\/jaattlaget.com\/en\/wp-json\/wp\/v2\/pages\/46","targetHints":{"allow":["GET"]}}],"collection":[{"href":"https:\/\/jaattlaget.com\/en\/wp-json\/wp\/v2\/pages"}],"about":[{"href":"https:\/\/jaattlaget.com\/en\/wp-json\/wp\/v2\/types\/page"}],"author":[{"embeddable":true,"href":"https:\/\/jaattlaget.com\/en\/wp-json\/wp\/v2\/users\/2"}],"replies":[{"embeddable":true,"href":"https:\/\/jaattlaget.com\/en\/wp-json\/wp\/v2\/comments?post=46"}],"version-history":[{"count":5,"href":"https:\/\/jaattlaget.com\/en\/wp-json\/wp\/v2\/pages\/46\/revisions"}],"predecessor-version":[{"id":3266,"href":"https:\/\/jaattlaget.com\/en\/wp-json\/wp\/v2\/pages\/46\/revisions\/3266"}],"wp:attachment":[{"href":"https:\/\/jaattlaget.com\/en\/wp-json\/wp\/v2\/media?parent=46"}],"curies":[{"name":"wp","href":"https:\/\/api.w.org\/{rel}","templated":true}]}}