{"id":41,"date":"2014-04-23T12:28:32","date_gmt":"2014-04-23T10:28:32","guid":{"rendered":"http:\/\/jaattlaget.com\/?page_id=41"},"modified":"2024-08-15T12:40:14","modified_gmt":"2024-08-15T10:40:14","slug":"history-resources","status":"publish","type":"page","link":"https:\/\/jaattlaget.com\/en\/links\/history-resources\/","title":{"rendered":"History resources"},"content":{"rendered":"\n<figure class=\"wp-block-image size-large is-style-rounded is-style-rounded--1\"><a href=\"https:\/\/i0.wp.com\/jaattlaget.com\/en\/wp-content\/uploads\/2024\/08\/Skjepavikjo_kring_1875.jpg?ssl=1\"><img data-recalc-dims=\"1\" loading=\"lazy\" decoding=\"async\" width=\"1024\" height=\"756\" data-attachment-id=\"3302\" data-permalink=\"https:\/\/jaattlaget.com\/en\/links\/history-resources\/skjepavikjo_kring_1875\/\" data-orig-file=\"https:\/\/i0.wp.com\/jaattlaget.com\/en\/wp-content\/uploads\/2024\/08\/Skjepavikjo_kring_1875.jpg?fit=2000%2C1477&amp;ssl=1\" data-orig-size=\"2000,1477\" data-comments-opened=\"1\" data-image-meta=\"{&quot;aperture&quot;:&quot;0&quot;,&quot;credit&quot;:&quot;&quot;,&quot;camera&quot;:&quot;&quot;,&quot;caption&quot;:&quot;&quot;,&quot;created_timestamp&quot;:&quot;0&quot;,&quot;copyright&quot;:&quot;&quot;,&quot;focal_length&quot;:&quot;0&quot;,&quot;iso&quot;:&quot;0&quot;,&quot;shutter_speed&quot;:&quot;0&quot;,&quot;title&quot;:&quot;&quot;,&quot;orientation&quot;:&quot;1&quot;}\" data-image-title=\"Skjepavikjo_kring_1875\" data-image-description=\"\" data-image-caption=\"\" data-large-file=\"https:\/\/i0.wp.com\/jaattlaget.com\/en\/wp-content\/uploads\/2024\/08\/Skjepavikjo_kring_1875.jpg?fit=1024%2C756&amp;ssl=1\" src=\"https:\/\/i0.wp.com\/jaattlaget.com\/en\/wp-content\/uploads\/2024\/08\/Skjepavikjo_kring_1875-1024x756.jpg?resize=1024%2C756&#038;ssl=1\" alt=\"\" class=\"wp-image-3302\" srcset=\"https:\/\/i0.wp.com\/jaattlaget.com\/en\/wp-content\/uploads\/2024\/08\/Skjepavikjo_kring_1875.jpg?resize=1024%2C756&amp;ssl=1 1024w, https:\/\/i0.wp.com\/jaattlaget.com\/en\/wp-content\/uploads\/2024\/08\/Skjepavikjo_kring_1875.jpg?resize=300%2C222&amp;ssl=1 300w, https:\/\/i0.wp.com\/jaattlaget.com\/en\/wp-content\/uploads\/2024\/08\/Skjepavikjo_kring_1875.jpg?resize=768%2C567&amp;ssl=1 768w, https:\/\/i0.wp.com\/jaattlaget.com\/en\/wp-content\/uploads\/2024\/08\/Skjepavikjo_kring_1875.jpg?resize=1536%2C1134&amp;ssl=1 1536w, https:\/\/i0.wp.com\/jaattlaget.com\/en\/wp-content\/uploads\/2024\/08\/Skjepavikjo_kring_1875.jpg?w=2000&amp;ssl=1 2000w\" sizes=\"auto, (max-width: 1000px) 100vw, 1000px\" \/><\/a><figcaption class=\"wp-element-caption\">Typical Tysnes boat in Skjepavikjo around 1875.<\/figcaption><\/figure>\n\n\n\n<ul class=\"wp-block-list\">\n<li><a title=\"Sunnhordland Museum\" href=\"http:\/\/www.sunnhordland.museum.no\/\">Sunnhordland Museum<\/a><\/li>\n\n\n\n<li><a href=\"http:\/\/www.kjellmag.no\/default-css.asp?k=1483&amp;id=22570&amp;aid=12427\">20-page special edition print on the Norwegian Steam<\/a><\/li>\n\n\n\n<li><a title=\"Tysnes Sogelag\" href=\"http:\/\/www.tysnes-sogelag.no\/\">Tysnes Sogelag<\/a><\/li>\n\n\n\n<li><a href=\"https:\/\/www.kystkultur.no\/?\">Kystkultur<\/a><\/li>\n\n\n\n<li><a href=\"https:\/\/sjofartsmuseum.museumvest.no\">Bergens Sj\u00f8fartsmuseum<\/a><\/li>\n\n\n\n<li><a title=\"Norsk Maritimt Museum\" href=\"http:\/\/www.marmuseum.no\/\">Norsk Maritimt Museum<\/a><\/li>\n\n\n\n<li><a title=\"Universitetsmuseet i Bergen\" href=\"http:\/\/www.uib.no\/universitetsmuseet\">Universitetsmuseet i Bergen<\/a><\/li>\n\n\n\n<li><a href=\"https:\/\/bymuseet.no\/museum\/hordamuseet\/\">Hordamuseet<\/a><\/li>\n<\/ul>\n","protected":false},"excerpt":{"rendered":"","protected":false},"author":2,"featured_media":0,"parent":37,"menu_order":0,"comment_status":"closed","ping_status":"closed","template":"","meta":{"jetpack_post_was_ever_published":false,"footnotes":""},"class_list":["post-41","page","type-page","status-publish","hentry"],"jetpack_shortlink":"https:\/\/wp.me\/P4IEmy-F","jetpack_sharing_enabled":true,"jetpack_likes_enabled":true,"jetpack-related-posts":[{"id":39,"url":"https:\/\/jaattlaget.com\/en\/links\/tysnes-links\/","url_meta":{"origin":41,"position":0},"title":"Tysnes links","author":"Jarle Petterson","date":"23 April , 2014","format":false,"excerpt":"Bladet \"Tysnes\" (local newspaper) Tysnesingen (local news) Tysnes Kommune (the local authorities) Tysnesfest (music festival) VisitTysnes Siglarlaget Njord Tysnes (sailing club) V\u00e5ge hamn (marina) Lunde b\u00e5tlag (marina) Tysnes B\u00e5thamn (marina) Galleri Elisabeth G (art gallery) Haaheim Gaard (restaurant\/hotel) Mandelhuset (restaurant)","rel":"","context":"Similar post","block_context":{"text":"Similar post","link":""},"img":{"alt_text":"","src":"https:\/\/i0.wp.com\/jaattlaget.com\/en\/wp-content\/uploads\/2024\/08\/tysnes-in-norway-map-with-sailboats-in-surrounding-sea.png?resize=350%2C200&ssl=1","width":350,"height":200,"srcset":"https:\/\/i0.wp.com\/jaattlaget.com\/en\/wp-content\/uploads\/2024\/08\/tysnes-in-norway-map-with-sailboats-in-surrounding-sea.png?resize=350%2C200&ssl=1 1x, https:\/\/i0.wp.com\/jaattlaget.com\/en\/wp-content\/uploads\/2024\/08\/tysnes-in-norway-map-with-sailboats-in-surrounding-sea.png?resize=525%2C300&ssl=1 1.5x, https:\/\/i0.wp.com\/jaattlaget.com\/en\/wp-content\/uploads\/2024\/08\/tysnes-in-norway-map-with-sailboats-in-surrounding-sea.png?resize=700%2C400&ssl=1 2x, https:\/\/i0.wp.com\/jaattlaget.com\/en\/wp-content\/uploads\/2024\/08\/tysnes-in-norway-map-with-sailboats-in-surrounding-sea.png?resize=1050%2C600&ssl=1 3x, https:\/\/i0.wp.com\/jaattlaget.com\/en\/wp-content\/uploads\/2024\/08\/tysnes-in-norway-map-with-sailboats-in-surrounding-sea.png?resize=1400%2C800&ssl=1 4x"},"classes":[]},{"id":16,"url":"https:\/\/jaattlaget.com\/en\/the-story\/","url_meta":{"origin":41,"position":1},"title":"The story","author":"Jarle Petterson","date":"23 April , 2014","format":false,"excerpt":"The crew of J-boat \"Yankee\" in Gosport, England in 1935, most of which from Tysnes. \"Yankee\" partook in numerous British regattas, as well as in France. This website recounts the story of Tysnes (on the west coast of Norway) emigrants to the USA who became professional crew members on American\u2026","rel":"","context":"Similar post","block_context":{"text":"Similar post","link":""},"img":{"alt_text":"","src":"https:\/\/i0.wp.com\/jaattlaget.com\/en\/wp-content\/uploads\/2014\/04\/yankee-crew-gosport.jpg?resize=350%2C200&ssl=1","width":350,"height":200,"srcset":"https:\/\/i0.wp.com\/jaattlaget.com\/en\/wp-content\/uploads\/2014\/04\/yankee-crew-gosport.jpg?resize=350%2C200&ssl=1 1x, https:\/\/i0.wp.com\/jaattlaget.com\/en\/wp-content\/uploads\/2014\/04\/yankee-crew-gosport.jpg?resize=525%2C300&ssl=1 1.5x, https:\/\/i0.wp.com\/jaattlaget.com\/en\/wp-content\/uploads\/2014\/04\/yankee-crew-gosport.jpg?resize=700%2C400&ssl=1 2x, https:\/\/i0.wp.com\/jaattlaget.com\/en\/wp-content\/uploads\/2014\/04\/yankee-crew-gosport.jpg?resize=1050%2C600&ssl=1 3x"},"classes":[]},{"id":24,"url":"https:\/\/jaattlaget.com\/en\/about\/","url_meta":{"origin":41,"position":2},"title":"About","author":"Jarle Petterson","date":"23 April , 2014","format":false,"excerpt":"In addition to the J-boats, Tysnes sailors sailed other classes, too. These are M-boats in a regatta. Venelaget for j\u00e5ttseglarane (the Yacht sailor exhibition charity, founded 3 February 2009) has 45 members, among whom several with fathers or close relatives once employed as crew members or officers aboard the yachts.\u2026","rel":"","context":"Similar post","block_context":{"text":"Similar post","link":""},"img":{"alt_text":"","src":"https:\/\/i0.wp.com\/jaattlaget.com\/en\/wp-content\/uploads\/2014\/04\/regatta01.jpg?resize=350%2C200&ssl=1","width":350,"height":200,"srcset":"https:\/\/i0.wp.com\/jaattlaget.com\/en\/wp-content\/uploads\/2014\/04\/regatta01.jpg?resize=350%2C200&ssl=1 1x, https:\/\/i0.wp.com\/jaattlaget.com\/en\/wp-content\/uploads\/2014\/04\/regatta01.jpg?resize=525%2C300&ssl=1 1.5x, https:\/\/i0.wp.com\/jaattlaget.com\/en\/wp-content\/uploads\/2014\/04\/regatta01.jpg?resize=700%2C400&ssl=1 2x"},"classes":[]},{"id":426,"url":"https:\/\/jaattlaget.com\/en\/yacht-sailors-from-tysnes\/","url_meta":{"origin":41,"position":3},"title":"Yacht sailors from Tysnes","author":"Jarle Petterson","date":"3 June , 2014","format":false,"excerpt":"The yacht sailor exhibition in V\u00e5ge, Tysnes (on the west coast of Norway), tells the story of Tysnes emigrants to the USA who became professional crew members on American racing and leisure yachts between 1900 and 1940. The Word jaat is the local word for 'yacht', pronounced like its English\u2026","rel":"","context":"Similar post","block_context":{"text":"Similar post","link":""},"img":{"alt_text":"","src":"","width":0,"height":0},"classes":[]},{"id":428,"url":"https:\/\/jaattlaget.com\/en\/die-jachtsegler-aus-tysnes\/","url_meta":{"origin":41,"position":4},"title":"Die Jachtsegler aus Tysnes","author":"Jarle Petterson","date":"3 June , 2014","format":false,"excerpt":"Die Jachtseglerausstellung in V\u00e5ge, Tysnes, zeigt die Geschichte \u00fcber Tysneseinwohner die nach USA ausgewandert sind, und zwichen 1900 und 1940 professionelle Mannschaften auf amerikanischen Segelregattabooten und Toursegelbooten geworden sind. Reiche Amerikaner verschafften Segeljachte und brauchten Mannschaften die die Boote klarmachen, warten und segeln konnten. America's Cup zu gewinnen, war das\u2026","rel":"","context":"Similar post","block_context":{"text":"Similar post","link":""},"img":{"alt_text":"","src":"","width":0,"height":0},"classes":[]},{"id":37,"url":"https:\/\/jaattlaget.com\/en\/links\/","url_meta":{"origin":41,"position":5},"title":"Links","author":"Jarle Petterson","date":"23 April , 2014","format":false,"excerpt":"Jaattlaget.com will strive to offer an extensive collection of relevant links to usual resources on the net, be it in relation to the Tysnes community, maritime or historic websites and institutions, for the time being placed in the following subcategories (also found as sub-choices under Links in the menu): Tysnes\u2026","rel":"","context":"Similar post","block_context":{"text":"Similar post","link":""},"img":{"alt_text":"","src":"https:\/\/i0.wp.com\/jaattlaget.com\/en\/wp-content\/uploads\/2014\/04\/lenkebilde.jpg?resize=350%2C200&ssl=1","width":350,"height":200,"srcset":"https:\/\/i0.wp.com\/jaattlaget.com\/en\/wp-content\/uploads\/2014\/04\/lenkebilde.jpg?resize=350%2C200&ssl=1 1x, https:\/\/i0.wp.com\/jaattlaget.com\/en\/wp-content\/uploads\/2014\/04\/lenkebilde.jpg?resize=525%2C300&ssl=1 1.5x, https:\/\/i0.wp.com\/jaattlaget.com\/en\/wp-content\/uploads\/2014\/04\/lenkebilde.jpg?resize=700%2C400&ssl=1 2x, https:\/\/i0.wp.com\/jaattlaget.com\/en\/wp-content\/uploads\/2014\/04\/lenkebilde.jpg?resize=1050%2C600&ssl=1 3x"},"classes":[]}],"_links":{"self":[{"href":"https:\/\/jaattlaget.com\/en\/wp-json\/wp\/v2\/pages\/41","targetHints":{"allow":["GET"]}}],"collection":[{"href":"https:\/\/jaattlaget.com\/en\/wp-json\/wp\/v2\/pages"}],"about":[{"href":"https:\/\/jaattlaget.com\/en\/wp-json\/wp\/v2\/types\/page"}],"author":[{"embeddable":true,"href":"https:\/\/jaattlaget.com\/en\/wp-json\/wp\/v2\/users\/2"}],"replies":[{"embeddable":true,"href":"https:\/\/jaattlaget.com\/en\/wp-json\/wp\/v2\/comments?post=41"}],"version-history":[{"count":7,"href":"https:\/\/jaattlaget.com\/en\/wp-json\/wp\/v2\/pages\/41\/revisions"}],"predecessor-version":[{"id":3308,"href":"https:\/\/jaattlaget.com\/en\/wp-json\/wp\/v2\/pages\/41\/revisions\/3308"}],"up":[{"embeddable":true,"href":"https:\/\/jaattlaget.com\/en\/wp-json\/wp\/v2\/pages\/37"}],"wp:attachment":[{"href":"https:\/\/jaattlaget.com\/en\/wp-json\/wp\/v2\/media?parent=41"}],"curies":[{"name":"wp","href":"https:\/\/api.w.org\/{rel}","templated":true}]}}