{"id":28,"date":"2014-04-23T12:21:55","date_gmt":"2014-04-23T10:21:55","guid":{"rendered":"http:\/\/jaattlaget.com\/?page_id=28"},"modified":"2024-08-19T15:57:47","modified_gmt":"2024-08-19T13:57:47","slug":"board-of-directors","status":"publish","type":"page","link":"https:\/\/jaattlaget.com\/en\/about\/board-of-directors\/","title":{"rendered":"Board of directors"},"content":{"rendered":"\n<figure class=\"wp-block-image size-large is-style-rounded is-style-rounded--1\"><a href=\"https:\/\/i0.wp.com\/jaattlaget.com\/en\/wp-content\/uploads\/2024\/08\/Styret_oppdatert.jpg\"><img data-recalc-dims=\"1\" loading=\"lazy\" decoding=\"async\" width=\"1024\" height=\"768\" data-attachment-id=\"3326\" data-permalink=\"https:\/\/jaattlaget.com\/en\/styret\/\" data-orig-file=\"https:\/\/i0.wp.com\/jaattlaget.com\/en\/wp-content\/uploads\/2024\/08\/Styret_oppdatert.jpg?fit=2000%2C1500&amp;ssl=1\" data-orig-size=\"2000,1500\" data-comments-opened=\"1\" data-image-meta=\"{&quot;aperture&quot;:&quot;2.8&quot;,&quot;credit&quot;:&quot;&quot;,&quot;camera&quot;:&quot;EX-Z1200&quot;,&quot;caption&quot;:&quot;&quot;,&quot;created_timestamp&quot;:&quot;0&quot;,&quot;copyright&quot;:&quot;&quot;,&quot;focal_length&quot;:&quot;7.9&quot;,&quot;iso&quot;:&quot;200&quot;,&quot;shutter_speed&quot;:&quot;0.0125&quot;,&quot;title&quot;:&quot;Styret&quot;,&quot;orientation&quot;:&quot;1&quot;}\" data-image-title=\"The board of directors &amp;#8211; updated\" data-image-description=\"\" data-image-caption=\"&lt;p&gt;The board members (left to right): Hans Ole Dalland, Turid Teigland, Olav Kalgraf, John Johnsen and Kjell Arthur Lunde (in front). Anders Bakke was not present during photoshoot.&lt;\/p&gt;\n\" data-large-file=\"https:\/\/i0.wp.com\/jaattlaget.com\/en\/wp-content\/uploads\/2024\/08\/Styret_oppdatert.jpg?fit=1024%2C768&amp;ssl=1\" src=\"https:\/\/i0.wp.com\/jaattlaget.com\/en\/wp-content\/uploads\/2024\/08\/Styret_oppdatert.jpg?resize=1024%2C768\" alt=\"\" class=\"wp-image-3326\" srcset=\"https:\/\/i0.wp.com\/jaattlaget.com\/en\/wp-content\/uploads\/2024\/08\/Styret_oppdatert.jpg?resize=1024%2C768&amp;ssl=1 1024w, https:\/\/i0.wp.com\/jaattlaget.com\/en\/wp-content\/uploads\/2024\/08\/Styret_oppdatert.jpg?resize=300%2C225&amp;ssl=1 300w, https:\/\/i0.wp.com\/jaattlaget.com\/en\/wp-content\/uploads\/2024\/08\/Styret_oppdatert.jpg?resize=768%2C576&amp;ssl=1 768w, https:\/\/i0.wp.com\/jaattlaget.com\/en\/wp-content\/uploads\/2024\/08\/Styret_oppdatert.jpg?resize=1536%2C1152&amp;ssl=1 1536w, https:\/\/i0.wp.com\/jaattlaget.com\/en\/wp-content\/uploads\/2024\/08\/Styret_oppdatert.jpg?w=2000&amp;ssl=1 2000w\" sizes=\"auto, (max-width: 1000px) 100vw, 1000px\" \/><\/a><figcaption class=\"wp-element-caption\"><strong>The board members (left to right):<\/strong> Hans Ole Dalland, Turid Teigland, Olav Kalgraf, John Johnsen and Kjell Arthur Lunde (in front). Anders Bakke was not present during photoshoot.<\/figcaption><\/figure>\n\n\n\n<p>The charity&#8217;s board of directors consists of three permanent members, chairman, vice-chairman\/secretary and treasurer, elected for a period of two years, out of which two elected every other year, and one every other year in between. The board of directors currently in office are:<\/p>\n\n\n\n<p><strong>Chairman:<\/strong> Hans Ole Dalland<br><strong>Vice-chairman\/secretary:<\/strong> Kjell A. Lunde<br><strong>Treasurer:<\/strong> Olav Kalgraf<\/p>\n\n\n\n<p><strong>Deputy board members:<\/strong><\/p>\n\n\n\n<p>Anders Bakke<br>Turid Teigland<br>John Johnsen<\/p>\n","protected":false},"excerpt":{"rendered":"<p>The charity&#8217;s board of directors consists of three permanent members, chairman, vice-chairman\/secretary and treasurer, elected for a period of two years, out of which two elected every other year, and one every other year in between. The board of directors currently in office are: Chairman: Hans Ole DallandVice-chairman\/secretary: Kjell A. LundeTreasurer: Olav Kalgraf Deputy board [&hellip;]<\/p>\n","protected":false},"author":2,"featured_media":0,"parent":24,"menu_order":0,"comment_status":"closed","ping_status":"closed","template":"page-full-width.php","meta":{"jetpack_post_was_ever_published":false,"footnotes":""},"class_list":["post-28","page","type-page","status-publish","hentry"],"jetpack_shortlink":"https:\/\/wp.me\/P4IEmy-s","jetpack_sharing_enabled":true,"jetpack_likes_enabled":true,"jetpack-related-posts":[{"id":22,"url":"https:\/\/jaattlaget.com\/en\/multimedia\/video\/","url_meta":{"origin":28,"position":0},"title":"Video","author":"Jarle Petterson","date":"23 April , 2014","format":false,"excerpt":"http:\/\/youtu.be\/J6KJ_zzH2qk The Norwegian Steam \u2013 a film by J\u00e5ttlaget https:\/\/youtu.be\/uYFoOt-tYO0 Extract from pilot for the \"Med Norwegian Steam i America's Cup\" documentary. https:\/\/www.youtube.com\/watch?v=10vXSeyRXt8 The vast majority of Tysnes yacht sailors served on J Class yachts. This footage tells their story, especially in an America's Cup context. https:\/\/youtu.be\/1bASh4l9H2Y?si=-9YLRRwJKApSCXI5 Amateur film of\u2026","rel":"","context":"With 1 comment","block_context":{"text":"With 1 comment","link":"https:\/\/jaattlaget.com\/en\/multimedia\/video\/#comments"},"img":{"alt_text":"","src":"https:\/\/i0.wp.com\/img.youtube.com\/vi\/J6KJ_zzH2qk\/0.jpg?resize=350%2C200","width":350,"height":200},"classes":[]},{"id":24,"url":"https:\/\/jaattlaget.com\/en\/about\/","url_meta":{"origin":28,"position":1},"title":"About","author":"Jarle Petterson","date":"23 April , 2014","format":false,"excerpt":"In addition to the J-boats, Tysnes sailors sailed other classes, too. These are M-boats in a regatta. Venelaget for j\u00e5ttseglarane (the Yacht sailor exhibition charity, founded 3 February 2009) has 45 members, among whom several with fathers or close relatives once employed as crew members or officers aboard the yachts.\u2026","rel":"","context":"Similar post","block_context":{"text":"Similar post","link":""},"img":{"alt_text":"","src":"https:\/\/i0.wp.com\/jaattlaget.com\/en\/wp-content\/uploads\/2014\/04\/regatta01.jpg?resize=350%2C200&ssl=1","width":350,"height":200,"srcset":"https:\/\/i0.wp.com\/jaattlaget.com\/en\/wp-content\/uploads\/2014\/04\/regatta01.jpg?resize=350%2C200&ssl=1 1x, https:\/\/i0.wp.com\/jaattlaget.com\/en\/wp-content\/uploads\/2014\/04\/regatta01.jpg?resize=525%2C300&ssl=1 1.5x, https:\/\/i0.wp.com\/jaattlaget.com\/en\/wp-content\/uploads\/2014\/04\/regatta01.jpg?resize=700%2C400&ssl=1 2x"},"classes":[]},{"id":18,"url":"https:\/\/jaattlaget.com\/en\/the-exhibition\/","url_meta":{"origin":28,"position":2},"title":"The exhibition","author":"Jarle Petterson","date":"23 April , 2014","format":false,"excerpt":"The yacht sailor exhibtion's current location in Uggdal. The exhibition in the floating boathouse in V\u00e5ge first opened with an event in the V\u00e5ge marina in June 2010, with a high turnout every summer since. The yacht sailor exhibtion's former location in V\u00e5ge. The exhibition has since moved to Tinghuset\u2026","rel":"","context":"Similar post","block_context":{"text":"Similar post","link":""},"img":{"alt_text":"","src":"https:\/\/i0.wp.com\/jaattlaget.com\/en\/wp-content\/uploads\/2024\/08\/J_class_yacht.jpg?resize=350%2C200","width":350,"height":200,"srcset":"https:\/\/i0.wp.com\/jaattlaget.com\/en\/wp-content\/uploads\/2024\/08\/J_class_yacht.jpg?resize=350%2C200 1x, https:\/\/i0.wp.com\/jaattlaget.com\/en\/wp-content\/uploads\/2024\/08\/J_class_yacht.jpg?resize=525%2C300 1.5x, https:\/\/i0.wp.com\/jaattlaget.com\/en\/wp-content\/uploads\/2024\/08\/J_class_yacht.jpg?resize=700%2C400 2x, https:\/\/i0.wp.com\/jaattlaget.com\/en\/wp-content\/uploads\/2024\/08\/J_class_yacht.jpg?resize=1050%2C600 3x, https:\/\/i0.wp.com\/jaattlaget.com\/en\/wp-content\/uploads\/2024\/08\/J_class_yacht.jpg?resize=1400%2C800 4x"},"classes":[]},{"id":16,"url":"https:\/\/jaattlaget.com\/en\/the-story\/","url_meta":{"origin":28,"position":3},"title":"The story","author":"Jarle Petterson","date":"23 April , 2014","format":false,"excerpt":"The crew of J-boat \"Yankee\" in Gosport, England in 1935, most of which from Tysnes. \"Yankee\" partook in numerous British regattas, as well as in France. This website recounts the story of Tysnes (on the west coast of Norway) emigrants to the USA who became professional crew members on American\u2026","rel":"","context":"Similar post","block_context":{"text":"Similar post","link":""},"img":{"alt_text":"","src":"https:\/\/i0.wp.com\/jaattlaget.com\/en\/wp-content\/uploads\/2014\/04\/yankee-crew-gosport.jpg?resize=350%2C200&ssl=1","width":350,"height":200,"srcset":"https:\/\/i0.wp.com\/jaattlaget.com\/en\/wp-content\/uploads\/2014\/04\/yankee-crew-gosport.jpg?resize=350%2C200&ssl=1 1x, https:\/\/i0.wp.com\/jaattlaget.com\/en\/wp-content\/uploads\/2014\/04\/yankee-crew-gosport.jpg?resize=525%2C300&ssl=1 1.5x, https:\/\/i0.wp.com\/jaattlaget.com\/en\/wp-content\/uploads\/2014\/04\/yankee-crew-gosport.jpg?resize=700%2C400&ssl=1 2x, https:\/\/i0.wp.com\/jaattlaget.com\/en\/wp-content\/uploads\/2014\/04\/yankee-crew-gosport.jpg?resize=1050%2C600&ssl=1 3x"},"classes":[]},{"id":189,"url":"https:\/\/jaattlaget.com\/en\/the-story\/norwegians-enter-americas-cup\/","url_meta":{"origin":28,"position":4},"title":"Norwegians enter America&#8217;s Cup","author":"Jarle Petterson","date":"25 April , 2014","format":false,"excerpt":"A team at work on board J-boat \u201cRanger\u201d. No Norwegian vessel ever partook in America's Cup, but many an American boat counted a majority of Norwegians among its crew, rendering Norwegian sailors an important factor in this particular regatta. Throughout the 1870s and 1880s a good many Scandinavians, especially Norwegians,\u2026","rel":"","context":"Similar post","block_context":{"text":"Similar post","link":""},"img":{"alt_text":"","src":"https:\/\/i0.wp.com\/jaattlaget.com\/en\/wp-content\/uploads\/2014\/04\/ranger-crew01.jpg?resize=350%2C200&ssl=1","width":350,"height":200,"srcset":"https:\/\/i0.wp.com\/jaattlaget.com\/en\/wp-content\/uploads\/2014\/04\/ranger-crew01.jpg?resize=350%2C200&ssl=1 1x, https:\/\/i0.wp.com\/jaattlaget.com\/en\/wp-content\/uploads\/2014\/04\/ranger-crew01.jpg?resize=525%2C300&ssl=1 1.5x, https:\/\/i0.wp.com\/jaattlaget.com\/en\/wp-content\/uploads\/2014\/04\/ranger-crew01.jpg?resize=700%2C400&ssl=1 2x"},"classes":[]},{"id":268,"url":"https:\/\/jaattlaget.com\/en\/the-story\/boats\/","url_meta":{"origin":28,"position":5},"title":"Boats","author":"Jarle Petterson","date":"29 April , 2014","format":false,"excerpt":"\"Yankee\" at sea in 1935. The Norwegian yacht sailors manned a small selection of boat classes: J-class The sport developed rapidly towards the end of the 1920s, continuing to do so throughout the 1930s. Improved know-how, better technology and new materials contributed to the boats' increased speed. Sails and rigging\u2026","rel":"","context":"With 1 comment","block_context":{"text":"With 1 comment","link":"https:\/\/jaattlaget.com\/en\/the-story\/boats\/#comments"},"img":{"alt_text":"","src":"https:\/\/i0.wp.com\/jaattlaget.com\/en\/wp-content\/uploads\/2014\/04\/yankee01.jpg?resize=350%2C200&ssl=1","width":350,"height":200,"srcset":"https:\/\/i0.wp.com\/jaattlaget.com\/en\/wp-content\/uploads\/2014\/04\/yankee01.jpg?resize=350%2C200&ssl=1 1x, https:\/\/i0.wp.com\/jaattlaget.com\/en\/wp-content\/uploads\/2014\/04\/yankee01.jpg?resize=525%2C300&ssl=1 1.5x, https:\/\/i0.wp.com\/jaattlaget.com\/en\/wp-content\/uploads\/2014\/04\/yankee01.jpg?resize=700%2C400&ssl=1 2x"},"classes":[]}],"_links":{"self":[{"href":"https:\/\/jaattlaget.com\/en\/wp-json\/wp\/v2\/pages\/28","targetHints":{"allow":["GET"]}}],"collection":[{"href":"https:\/\/jaattlaget.com\/en\/wp-json\/wp\/v2\/pages"}],"about":[{"href":"https:\/\/jaattlaget.com\/en\/wp-json\/wp\/v2\/types\/page"}],"author":[{"embeddable":true,"href":"https:\/\/jaattlaget.com\/en\/wp-json\/wp\/v2\/users\/2"}],"replies":[{"embeddable":true,"href":"https:\/\/jaattlaget.com\/en\/wp-json\/wp\/v2\/comments?post=28"}],"version-history":[{"count":6,"href":"https:\/\/jaattlaget.com\/en\/wp-json\/wp\/v2\/pages\/28\/revisions"}],"predecessor-version":[{"id":3327,"href":"https:\/\/jaattlaget.com\/en\/wp-json\/wp\/v2\/pages\/28\/revisions\/3327"}],"up":[{"embeddable":true,"href":"https:\/\/jaattlaget.com\/en\/wp-json\/wp\/v2\/pages\/24"}],"wp:attachment":[{"href":"https:\/\/jaattlaget.com\/en\/wp-json\/wp\/v2\/media?parent=28"}],"curies":[{"name":"wp","href":"https:\/\/api.w.org\/{rel}","templated":true}]}}