{"id":22,"date":"2014-04-23T12:19:29","date_gmt":"2014-04-23T10:19:29","guid":{"rendered":"http:\/\/jaattlaget.com\/?page_id=22"},"modified":"2025-02-03T12:45:54","modified_gmt":"2025-02-03T11:45:54","slug":"video","status":"publish","type":"page","link":"https:\/\/jaattlaget.com\/en\/multimedia\/video\/","title":{"rendered":"Video"},"content":{"rendered":"\n<figure class=\"wp-block-embed is-type-video is-provider-youtube wp-block-embed-youtube wp-embed-aspect-16-9 wp-has-aspect-ratio\"><div class=\"wp-block-embed__wrapper\">\n<span class=\"embed-youtube\" style=\"text-align:center; display: block;\"><iframe loading=\"lazy\" class=\"youtube-player\" width=\"640\" height=\"360\" src=\"https:\/\/www.youtube.com\/embed\/J6KJ_zzH2qk?version=3&#038;rel=1&#038;showsearch=0&#038;showinfo=1&#038;iv_load_policy=1&#038;fs=1&#038;hl=en-US&#038;autohide=2&#038;wmode=transparent\" allowfullscreen=\"true\" style=\"border:0;\" sandbox=\"allow-scripts allow-same-origin allow-popups allow-presentation allow-popups-to-escape-sandbox\"><\/iframe><\/span>\n<\/div><figcaption class=\"wp-element-caption\">The Norwegian Steam \u2013 a film by J\u00e5ttlaget<\/figcaption><\/figure>\n\n\n\n<figure class=\"wp-block-embed is-type-video is-provider-youtube wp-block-embed-youtube wp-embed-aspect-4-3 wp-has-aspect-ratio\"><div class=\"wp-block-embed__wrapper\">\n<span class=\"embed-youtube\" style=\"text-align:center; display: block;\"><iframe loading=\"lazy\" class=\"youtube-player\" width=\"640\" height=\"360\" src=\"https:\/\/www.youtube.com\/embed\/uYFoOt-tYO0?version=3&#038;rel=1&#038;showsearch=0&#038;showinfo=1&#038;iv_load_policy=1&#038;fs=1&#038;hl=en-US&#038;autohide=2&#038;wmode=transparent\" allowfullscreen=\"true\" style=\"border:0;\" sandbox=\"allow-scripts allow-same-origin allow-popups allow-presentation allow-popups-to-escape-sandbox\"><\/iframe><\/span>\n<\/div><figcaption class=\"wp-element-caption\">Extract from pilot for the &#8220;Med Norwegian Steam i America&#8217;s Cup&#8221; documentary.<\/figcaption><\/figure>\n\n\n\n<figure class=\"wp-block-embed is-type-video is-provider-youtube wp-block-embed-youtube wp-embed-aspect-4-3 wp-has-aspect-ratio\"><div class=\"wp-block-embed__wrapper\">\n<span class=\"embed-youtube\" style=\"text-align:center; display: block;\"><iframe loading=\"lazy\" class=\"youtube-player\" width=\"640\" height=\"360\" src=\"https:\/\/www.youtube.com\/embed\/10vXSeyRXt8?version=3&#038;rel=1&#038;showsearch=0&#038;showinfo=1&#038;iv_load_policy=1&#038;fs=1&#038;hl=en-US&#038;autohide=2&#038;wmode=transparent\" allowfullscreen=\"true\" style=\"border:0;\" sandbox=\"allow-scripts allow-same-origin allow-popups allow-presentation allow-popups-to-escape-sandbox\"><\/iframe><\/span>\n<\/div><figcaption class=\"wp-element-caption\">The vast majority of Tysnes yacht sailors served on J Class yachts. This footage tells their story, especially in an America&#8217;s Cup context.<\/figcaption><\/figure>\n\n\n\n<figure class=\"wp-block-embed is-type-video is-provider-youtube wp-block-embed-youtube wp-embed-aspect-16-9 wp-has-aspect-ratio\"><div class=\"wp-block-embed__wrapper\">\n<span class=\"embed-youtube\" style=\"text-align:center; display: block;\"><iframe loading=\"lazy\" class=\"youtube-player\" width=\"640\" height=\"360\" src=\"https:\/\/www.youtube.com\/embed\/1bASh4l9H2Y?version=3&#038;rel=1&#038;showsearch=0&#038;showinfo=1&#038;iv_load_policy=1&#038;fs=1&#038;hl=en-US&#038;autohide=2&#038;wmode=transparent\" allowfullscreen=\"true\" style=\"border:0;\" sandbox=\"allow-scripts allow-same-origin allow-popups allow-presentation allow-popups-to-escape-sandbox\"><\/iframe><\/span>\n<\/div><figcaption class=\"wp-element-caption\">Amateur film of a cruise taken by a group of friends or family members on board Nathanael Herreshoff\u2019s \u201cResolute\u201d, from Mattapoisett, Massachusetts to Newport, Rhode Island, circa 1926, from a longer film containing footage of sailing, tennis, and other activities at Mattapoisett Yacht Club in 1926.<\/figcaption><\/figure>\n\n\n\n<figure class=\"wp-block-embed is-type-video is-provider-youtube wp-block-embed-youtube wp-embed-aspect-4-3 wp-has-aspect-ratio\"><div class=\"wp-block-embed__wrapper\">\n<span class=\"embed-youtube\" style=\"text-align:center; display: block;\"><iframe loading=\"lazy\" class=\"youtube-player\" width=\"640\" height=\"360\" src=\"https:\/\/www.youtube.com\/embed\/PXfjiTczbig?version=3&#038;rel=1&#038;showsearch=0&#038;showinfo=1&#038;iv_load_policy=1&#038;fs=1&#038;hl=en-US&#038;autohide=2&#038;wmode=transparent\" allowfullscreen=\"true\" style=\"border:0;\" sandbox=\"allow-scripts allow-same-origin allow-popups allow-presentation allow-popups-to-escape-sandbox\"><\/iframe><\/span>\n<\/div><figcaption class=\"wp-element-caption\">America&#8217;s Cup &#8220;Defender&#8221; (1934)<\/figcaption><\/figure>\n\n\n\n<figure class=\"wp-block-embed is-type-video is-provider-youtube wp-block-embed-youtube wp-embed-aspect-4-3 wp-has-aspect-ratio\"><div class=\"wp-block-embed__wrapper\">\n<span class=\"embed-youtube\" style=\"text-align:center; display: block;\"><iframe loading=\"lazy\" class=\"youtube-player\" width=\"640\" height=\"360\" src=\"https:\/\/www.youtube.com\/embed\/LJWjxRh9MSY?version=3&#038;rel=1&#038;showsearch=0&#038;showinfo=1&#038;iv_load_policy=1&#038;fs=1&#038;hl=en-US&#038;autohide=2&#038;wmode=transparent\" allowfullscreen=\"true\" style=\"border:0;\" sandbox=\"allow-scripts allow-same-origin allow-popups allow-presentation allow-popups-to-escape-sandbox\"><\/iframe><\/span>\n<\/div><figcaption class=\"wp-element-caption\">Race for America&#8217;s Cup (1937)<\/figcaption><\/figure>\n\n\n\n<figure class=\"wp-block-embed is-type-video is-provider-youtube wp-block-embed-youtube wp-embed-aspect-4-3 wp-has-aspect-ratio\"><div class=\"wp-block-embed__wrapper\">\n<span class=\"embed-youtube\" style=\"text-align:center; display: block;\"><iframe loading=\"lazy\" class=\"youtube-player\" width=\"640\" height=\"360\" src=\"https:\/\/www.youtube.com\/embed\/bZgoxSeS41g?version=3&#038;rel=1&#038;showsearch=0&#038;showinfo=1&#038;iv_load_policy=1&#038;fs=1&#038;hl=en-US&#038;autohide=2&#038;wmode=transparent\" allowfullscreen=\"true\" style=\"border:0;\" sandbox=\"allow-scripts allow-same-origin allow-popups allow-presentation allow-popups-to-escape-sandbox\"><\/iframe><\/span>\n<\/div><figcaption class=\"wp-element-caption\">Cowes Week (1935)<\/figcaption><\/figure>\n\n\n\n<figure class=\"wp-block-embed is-type-video is-provider-youtube wp-block-embed-youtube wp-embed-aspect-4-3 wp-has-aspect-ratio\"><div class=\"wp-block-embed__wrapper\">\n<span class=\"embed-youtube\" style=\"text-align:center; display: block;\"><iframe loading=\"lazy\" class=\"youtube-player\" width=\"640\" height=\"360\" src=\"https:\/\/www.youtube.com\/embed\/yk5LPZIUSqU?version=3&#038;rel=1&#038;showsearch=0&#038;showinfo=1&#038;iv_load_policy=1&#038;fs=1&#038;hl=en-US&#038;autohide=2&#038;wmode=transparent\" allowfullscreen=\"true\" style=\"border:0;\" sandbox=\"allow-scripts allow-same-origin allow-popups allow-presentation allow-popups-to-escape-sandbox\"><\/iframe><\/span>\n<\/div><figcaption class=\"wp-element-caption\">America&#8217;s Cup (1934)<\/figcaption><\/figure>\n\n\n\n<figure class=\"wp-block-embed is-type-video is-provider-youtube wp-block-embed-youtube wp-embed-aspect-4-3 wp-has-aspect-ratio\"><div class=\"wp-block-embed__wrapper\">\n<span class=\"embed-youtube\" style=\"text-align:center; display: block;\"><iframe loading=\"lazy\" class=\"youtube-player\" width=\"640\" height=\"360\" src=\"https:\/\/www.youtube.com\/embed\/OS8EnfXkMuI?version=3&#038;rel=1&#038;showsearch=0&#038;showinfo=1&#038;iv_load_policy=1&#038;fs=1&#038;hl=en-US&#038;autohide=2&#038;wmode=transparent\" allowfullscreen=\"true\" style=\"border:0;\" sandbox=\"allow-scripts allow-same-origin allow-popups allow-presentation allow-popups-to-escape-sandbox\"><\/iframe><\/span>\n<\/div><figcaption class=\"wp-element-caption\">America&#8217;s Cup (1934)<\/figcaption><\/figure>\n\n\n\n<p><\/p>\n","protected":false},"excerpt":{"rendered":"","protected":false},"author":2,"featured_media":0,"parent":239,"menu_order":0,"comment_status":"open","ping_status":"open","template":"page-full-width.php","meta":{"jetpack_post_was_ever_published":false,"footnotes":""},"class_list":["post-22","page","type-page","status-publish","hentry"],"jetpack_shortlink":"https:\/\/wp.me\/P4IEmy-m","jetpack_sharing_enabled":true,"jetpack_likes_enabled":true,"jetpack-related-posts":[{"id":189,"url":"https:\/\/jaattlaget.com\/en\/the-story\/norwegians-enter-americas-cup\/","url_meta":{"origin":22,"position":0},"title":"Norwegians enter America&#8217;s Cup","author":"Jarle Petterson","date":"25 April , 2014","format":false,"excerpt":"A team at work on board J-boat \u201cRanger\u201d. No Norwegian vessel ever partook in America's Cup, but many an American boat counted a majority of Norwegians among its crew, rendering Norwegian sailors an important factor in this particular regatta. Throughout the 1870s and 1880s a good many Scandinavians, especially Norwegians,\u2026","rel":"","context":"Similar post","block_context":{"text":"Similar post","link":""},"img":{"alt_text":"","src":"https:\/\/i0.wp.com\/jaattlaget.com\/en\/wp-content\/uploads\/2014\/04\/ranger-crew01.jpg?resize=350%2C200&ssl=1","width":350,"height":200,"srcset":"https:\/\/i0.wp.com\/jaattlaget.com\/en\/wp-content\/uploads\/2014\/04\/ranger-crew01.jpg?resize=350%2C200&ssl=1 1x, https:\/\/i0.wp.com\/jaattlaget.com\/en\/wp-content\/uploads\/2014\/04\/ranger-crew01.jpg?resize=525%2C300&ssl=1 1.5x, https:\/\/i0.wp.com\/jaattlaget.com\/en\/wp-content\/uploads\/2014\/04\/ranger-crew01.jpg?resize=700%2C400&ssl=1 2x"},"classes":[]},{"id":41,"url":"https:\/\/jaattlaget.com\/en\/links\/history-resources\/","url_meta":{"origin":22,"position":1},"title":"History resources","author":"Jarle Petterson","date":"23 April , 2014","format":false,"excerpt":"Typical Tysnes boat in Skjepavikjo around 1875. Sunnhordland Museum 20-page special edition print on the Norwegian Steam Tysnes Sogelag Kystkultur Bergens Sj\u00f8fartsmuseum Norsk Maritimt Museum Universitetsmuseet i Bergen Hordamuseet","rel":"","context":"Similar post","block_context":{"text":"Similar post","link":""},"img":{"alt_text":"","src":"https:\/\/i0.wp.com\/jaattlaget.com\/en\/wp-content\/uploads\/2024\/08\/Skjepavikjo_kring_1875.jpg?resize=350%2C200&ssl=1","width":350,"height":200,"srcset":"https:\/\/i0.wp.com\/jaattlaget.com\/en\/wp-content\/uploads\/2024\/08\/Skjepavikjo_kring_1875.jpg?resize=350%2C200&ssl=1 1x, https:\/\/i0.wp.com\/jaattlaget.com\/en\/wp-content\/uploads\/2024\/08\/Skjepavikjo_kring_1875.jpg?resize=525%2C300&ssl=1 1.5x, https:\/\/i0.wp.com\/jaattlaget.com\/en\/wp-content\/uploads\/2024\/08\/Skjepavikjo_kring_1875.jpg?resize=700%2C400&ssl=1 2x, https:\/\/i0.wp.com\/jaattlaget.com\/en\/wp-content\/uploads\/2024\/08\/Skjepavikjo_kring_1875.jpg?resize=1050%2C600&ssl=1 3x, https:\/\/i0.wp.com\/jaattlaget.com\/en\/wp-content\/uploads\/2024\/08\/Skjepavikjo_kring_1875.jpg?resize=1400%2C800&ssl=1 4x"},"classes":[]},{"id":18,"url":"https:\/\/jaattlaget.com\/en\/the-exhibition\/","url_meta":{"origin":22,"position":2},"title":"The exhibition","author":"Jarle Petterson","date":"23 April , 2014","format":false,"excerpt":"The yacht sailor exhibtion's current location in Uggdal. The exhibition in the floating boathouse in V\u00e5ge first opened with an event in the V\u00e5ge marina in June 2010, with a high turnout every summer since. The yacht sailor exhibtion's former location in V\u00e5ge. The exhibition has since moved to Tinghuset\u2026","rel":"","context":"Similar post","block_context":{"text":"Similar post","link":""},"img":{"alt_text":"","src":"https:\/\/i0.wp.com\/jaattlaget.com\/en\/wp-content\/uploads\/2024\/08\/J_class_yacht.jpg?resize=350%2C200","width":350,"height":200,"srcset":"https:\/\/i0.wp.com\/jaattlaget.com\/en\/wp-content\/uploads\/2024\/08\/J_class_yacht.jpg?resize=350%2C200 1x, https:\/\/i0.wp.com\/jaattlaget.com\/en\/wp-content\/uploads\/2024\/08\/J_class_yacht.jpg?resize=525%2C300 1.5x, https:\/\/i0.wp.com\/jaattlaget.com\/en\/wp-content\/uploads\/2024\/08\/J_class_yacht.jpg?resize=700%2C400 2x, https:\/\/i0.wp.com\/jaattlaget.com\/en\/wp-content\/uploads\/2024\/08\/J_class_yacht.jpg?resize=1050%2C600 3x, https:\/\/i0.wp.com\/jaattlaget.com\/en\/wp-content\/uploads\/2024\/08\/J_class_yacht.jpg?resize=1400%2C800 4x"},"classes":[]},{"id":16,"url":"https:\/\/jaattlaget.com\/en\/the-story\/","url_meta":{"origin":22,"position":3},"title":"The story","author":"Jarle Petterson","date":"23 April , 2014","format":false,"excerpt":"The crew of J-boat \"Yankee\" in Gosport, England in 1935, most of which from Tysnes. \"Yankee\" partook in numerous British regattas, as well as in France. This website recounts the story of Tysnes (on the west coast of Norway) emigrants to the USA who became professional crew members on American\u2026","rel":"","context":"Similar post","block_context":{"text":"Similar post","link":""},"img":{"alt_text":"","src":"https:\/\/i0.wp.com\/jaattlaget.com\/en\/wp-content\/uploads\/2014\/04\/yankee-crew-gosport.jpg?resize=350%2C200&ssl=1","width":350,"height":200,"srcset":"https:\/\/i0.wp.com\/jaattlaget.com\/en\/wp-content\/uploads\/2014\/04\/yankee-crew-gosport.jpg?resize=350%2C200&ssl=1 1x, https:\/\/i0.wp.com\/jaattlaget.com\/en\/wp-content\/uploads\/2014\/04\/yankee-crew-gosport.jpg?resize=525%2C300&ssl=1 1.5x, https:\/\/i0.wp.com\/jaattlaget.com\/en\/wp-content\/uploads\/2014\/04\/yankee-crew-gosport.jpg?resize=700%2C400&ssl=1 2x, https:\/\/i0.wp.com\/jaattlaget.com\/en\/wp-content\/uploads\/2014\/04\/yankee-crew-gosport.jpg?resize=1050%2C600&ssl=1 3x"},"classes":[]},{"id":191,"url":"https:\/\/jaattlaget.com\/en\/the-story\/the-norwegian-background\/","url_meta":{"origin":22,"position":4},"title":"The Norwegian background","author":"Jarle Petterson","date":"25 April , 2014","format":false,"excerpt":"V\u00e5ge, the commercial centre of Tysnes, in 1925. The majority of yacht sailors came from V\u00e5ge, Lunde and Reksteren. Typically most sailors had their origins along the south and west coast of Norway, in places like Horten, Arendal, Egersund, Stavanger, Karm\u00f8y, B\u00f8mlo and Tysnes. There are many reasons for that.\u2026","rel":"","context":"Similar post","block_context":{"text":"Similar post","link":""},"img":{"alt_text":"","src":"https:\/\/i0.wp.com\/jaattlaget.com\/en\/wp-content\/uploads\/2014\/04\/songarstemne01.jpg?resize=350%2C200&ssl=1","width":350,"height":200,"srcset":"https:\/\/i0.wp.com\/jaattlaget.com\/en\/wp-content\/uploads\/2014\/04\/songarstemne01.jpg?resize=350%2C200&ssl=1 1x, https:\/\/i0.wp.com\/jaattlaget.com\/en\/wp-content\/uploads\/2014\/04\/songarstemne01.jpg?resize=525%2C300&ssl=1 1.5x, https:\/\/i0.wp.com\/jaattlaget.com\/en\/wp-content\/uploads\/2014\/04\/songarstemne01.jpg?resize=700%2C400&ssl=1 2x"},"classes":[]},{"id":426,"url":"https:\/\/jaattlaget.com\/en\/yacht-sailors-from-tysnes\/","url_meta":{"origin":22,"position":5},"title":"Yacht sailors from Tysnes","author":"Jarle Petterson","date":"3 June , 2014","format":false,"excerpt":"The yacht sailor exhibition in V\u00e5ge, Tysnes (on the west coast of Norway), tells the story of Tysnes emigrants to the USA who became professional crew members on American racing and leisure yachts between 1900 and 1940. The Word jaat is the local word for 'yacht', pronounced like its English\u2026","rel":"","context":"Similar post","block_context":{"text":"Similar post","link":""},"img":{"alt_text":"","src":"","width":0,"height":0},"classes":[]}],"_links":{"self":[{"href":"https:\/\/jaattlaget.com\/en\/wp-json\/wp\/v2\/pages\/22","targetHints":{"allow":["GET"]}}],"collection":[{"href":"https:\/\/jaattlaget.com\/en\/wp-json\/wp\/v2\/pages"}],"about":[{"href":"https:\/\/jaattlaget.com\/en\/wp-json\/wp\/v2\/types\/page"}],"author":[{"embeddable":true,"href":"https:\/\/jaattlaget.com\/en\/wp-json\/wp\/v2\/users\/2"}],"replies":[{"embeddable":true,"href":"https:\/\/jaattlaget.com\/en\/wp-json\/wp\/v2\/comments?post=22"}],"version-history":[{"count":5,"href":"https:\/\/jaattlaget.com\/en\/wp-json\/wp\/v2\/pages\/22\/revisions"}],"predecessor-version":[{"id":3407,"href":"https:\/\/jaattlaget.com\/en\/wp-json\/wp\/v2\/pages\/22\/revisions\/3407"}],"up":[{"embeddable":true,"href":"https:\/\/jaattlaget.com\/en\/wp-json\/wp\/v2\/pages\/239"}],"wp:attachment":[{"href":"https:\/\/jaattlaget.com\/en\/wp-json\/wp\/v2\/media?parent=22"}],"curies":[{"name":"wp","href":"https:\/\/api.w.org\/{rel}","templated":true}]}}