{"id":191,"date":"2014-04-25T10:57:13","date_gmt":"2014-04-25T08:57:13","guid":{"rendered":"http:\/\/jaattlaget.com\/?page_id=191"},"modified":"2024-08-14T16:47:56","modified_gmt":"2024-08-14T14:47:56","slug":"the-norwegian-background","status":"publish","type":"page","link":"https:\/\/jaattlaget.com\/en\/the-story\/the-norwegian-background\/","title":{"rendered":"The Norwegian background"},"content":{"rendered":"\n<figure class=\"wp-block-image alignnone is-style-rounded is-style-rounded--1\"><a href=\"https:\/\/i0.wp.com\/jaattlaget.com\/en\/wp-content\/uploads\/2014\/04\/songarstemne01.jpg\"><img data-recalc-dims=\"1\" loading=\"lazy\" decoding=\"async\" width=\"1024\" height=\"649\" data-attachment-id=\"323\" data-permalink=\"https:\/\/jaattlaget.com\/en\/the-story\/norwegians-enter-americas-cup\/songarstemne01\/\" data-orig-file=\"https:\/\/i0.wp.com\/jaattlaget.com\/en\/wp-content\/uploads\/2014\/04\/songarstemne01.jpg?fit=1024%2C649&amp;ssl=1\" data-orig-size=\"1024,649\" data-comments-opened=\"1\" data-image-meta=\"{&quot;aperture&quot;:&quot;0&quot;,&quot;credit&quot;:&quot;&quot;,&quot;camera&quot;:&quot;&quot;,&quot;caption&quot;:&quot;&quot;,&quot;created_timestamp&quot;:&quot;0&quot;,&quot;copyright&quot;:&quot;&quot;,&quot;focal_length&quot;:&quot;0&quot;,&quot;iso&quot;:&quot;0&quot;,&quot;shutter_speed&quot;:&quot;0&quot;,&quot;title&quot;:&quot;&quot;}\" data-image-title=\"Bilete fr\u00e5 V\u00e5ge 1925. Dei fleste j\u00e5ttseglarane kom fr\u00e5 V\u00e5ge, Lunde og Reksteren\" data-image-description=\"\" data-image-caption=\"&lt;p&gt;A panorama of V\u00e5ge, the commercial centre of Tysnes, in 1925. Most of the sailors came from V\u00e5ge, Lunde and Reksteren.&lt;\/p&gt;\n\" data-large-file=\"https:\/\/i0.wp.com\/jaattlaget.com\/en\/wp-content\/uploads\/2014\/04\/songarstemne01.jpg?fit=1024%2C649&amp;ssl=1\" src=\"https:\/\/i0.wp.com\/jaattlaget.com\/en\/wp-content\/uploads\/2014\/04\/songarstemne01.jpg?resize=1024%2C649\" alt=\"V\u00e5ge, the commercial centre of Tysnes, in 1925. The majority of yacht sailors came from V\u00e5ge, Lunde and Reksteren.\" class=\"wp-image-323\" srcset=\"https:\/\/i0.wp.com\/jaattlaget.com\/en\/wp-content\/uploads\/2014\/04\/songarstemne01.jpg?w=1024&amp;ssl=1 1024w, https:\/\/i0.wp.com\/jaattlaget.com\/en\/wp-content\/uploads\/2014\/04\/songarstemne01.jpg?resize=300%2C190&amp;ssl=1 300w\" sizes=\"auto, (max-width: 1000px) 100vw, 1000px\" \/><\/a><figcaption class=\"wp-element-caption\">V\u00e5ge, the commercial centre of Tysnes, in 1925. The majority of yacht sailors came from V\u00e5ge, Lunde and Reksteren.<\/figcaption><\/figure>\n\n\n\n<p>Typically most sailors had their origins along the south and west coast of Norway, in places like Horten, Arendal, Egersund, Stavanger, Karm\u00f8y, B\u00f8mlo and Tysnes. There are many reasons for that.<\/p>\n\n\n\n<p>First of all there&#8217;s the potential need for a local maritime &#8220;education&#8221;, based on seagoing activities, often in smaller vessels, ensuring the delivery of seamanship at a young age, from one generation to the other.<\/p>\n\n\n\n<p>Secondly, the prerequisites for emigration to America need to be in place, such as poor financial outlooks for sailors back home. The maritime motorisation rendered many a sailor obsolete, e.g. in fisheries and the freighter fleet.<\/p>\n\n\n\n<p>Thirdly, there&#8217;s a need for a vanguard, in order to secure a foot on the inside of American sail racing, in which individuals who prove themselves have an opportunity to advance.<\/p>\n\n\n\n<p>With a handful of Norwegians on the inside, that opportunity presents itself in the form of an attractive job market for fellow countrymen who find themselves in the right spot at the right time, provided they&#8217;re in possession of the necessary qualifications.<\/p>\n\n\n\n<p><em><strong>Source:<\/strong> <a title=\"www.norwegiansteam.com\" href=\"http:\/\/www.norwegiansteam.com\">www.norwegiansteam.com<\/a> (in Norwegian)<\/em><\/p>\n","protected":false},"excerpt":{"rendered":"<p>Typically most sailors had their origins along the south and west coast of Norway, in places like Horten, Arendal, Egersund, Stavanger, Karm\u00f8y, B\u00f8mlo and Tysnes. There are many reasons for that. First of all there&#8217;s the potential need for a local maritime &#8220;education&#8221;, based on seagoing activities, often in smaller vessels, ensuring the delivery of [&hellip;]<\/p>\n","protected":false},"author":2,"featured_media":0,"parent":16,"menu_order":0,"comment_status":"open","ping_status":"open","template":"page-full-width.php","meta":{"jetpack_post_was_ever_published":false,"footnotes":""},"class_list":["post-191","page","type-page","status-publish","hentry"],"jetpack_shortlink":"https:\/\/wp.me\/P4IEmy-35","jetpack_sharing_enabled":true,"jetpack_likes_enabled":true,"jetpack-related-posts":[{"id":24,"url":"https:\/\/jaattlaget.com\/en\/about\/","url_meta":{"origin":191,"position":0},"title":"About","author":"Jarle Petterson","date":"23 April , 2014","format":false,"excerpt":"In addition to the J-boats, Tysnes sailors sailed other classes, too. These are M-boats in a regatta. Venelaget for j\u00e5ttseglarane (the Yacht sailor exhibition charity, founded 3 February 2009) has 45 members, among whom several with fathers or close relatives once employed as crew members or officers aboard the yachts.\u2026","rel":"","context":"Similar post","block_context":{"text":"Similar post","link":""},"img":{"alt_text":"","src":"https:\/\/i0.wp.com\/jaattlaget.com\/en\/wp-content\/uploads\/2014\/04\/regatta01.jpg?resize=350%2C200&ssl=1","width":350,"height":200,"srcset":"https:\/\/i0.wp.com\/jaattlaget.com\/en\/wp-content\/uploads\/2014\/04\/regatta01.jpg?resize=350%2C200&ssl=1 1x, https:\/\/i0.wp.com\/jaattlaget.com\/en\/wp-content\/uploads\/2014\/04\/regatta01.jpg?resize=525%2C300&ssl=1 1.5x, https:\/\/i0.wp.com\/jaattlaget.com\/en\/wp-content\/uploads\/2014\/04\/regatta01.jpg?resize=700%2C400&ssl=1 2x"},"classes":[]},{"id":426,"url":"https:\/\/jaattlaget.com\/en\/yacht-sailors-from-tysnes\/","url_meta":{"origin":191,"position":1},"title":"Yacht sailors from Tysnes","author":"Jarle Petterson","date":"3 June , 2014","format":false,"excerpt":"The yacht sailor exhibition in V\u00e5ge, Tysnes (on the west coast of Norway), tells the story of Tysnes emigrants to the USA who became professional crew members on American racing and leisure yachts between 1900 and 1940. The Word jaat is the local word for 'yacht', pronounced like its English\u2026","rel":"","context":"Similar post","block_context":{"text":"Similar post","link":""},"img":{"alt_text":"","src":"","width":0,"height":0},"classes":[]},{"id":39,"url":"https:\/\/jaattlaget.com\/en\/links\/tysnes-links\/","url_meta":{"origin":191,"position":2},"title":"Tysnes links","author":"Jarle Petterson","date":"23 April , 2014","format":false,"excerpt":"Bladet \"Tysnes\" (local newspaper) Tysnesingen (local news) Tysnes Kommune (the local authorities) Tysnesfest (music festival) VisitTysnes Siglarlaget Njord Tysnes (sailing club) V\u00e5ge hamn (marina) Lunde b\u00e5tlag (marina) Tysnes B\u00e5thamn (marina) Galleri Elisabeth G (art gallery) Haaheim Gaard (restaurant\/hotel) Mandelhuset (restaurant)","rel":"","context":"Similar post","block_context":{"text":"Similar post","link":""},"img":{"alt_text":"","src":"https:\/\/i0.wp.com\/jaattlaget.com\/en\/wp-content\/uploads\/2024\/08\/tysnes-in-norway-map-with-sailboats-in-surrounding-sea.png?resize=350%2C200&ssl=1","width":350,"height":200,"srcset":"https:\/\/i0.wp.com\/jaattlaget.com\/en\/wp-content\/uploads\/2024\/08\/tysnes-in-norway-map-with-sailboats-in-surrounding-sea.png?resize=350%2C200&ssl=1 1x, https:\/\/i0.wp.com\/jaattlaget.com\/en\/wp-content\/uploads\/2024\/08\/tysnes-in-norway-map-with-sailboats-in-surrounding-sea.png?resize=525%2C300&ssl=1 1.5x, https:\/\/i0.wp.com\/jaattlaget.com\/en\/wp-content\/uploads\/2024\/08\/tysnes-in-norway-map-with-sailboats-in-surrounding-sea.png?resize=700%2C400&ssl=1 2x, https:\/\/i0.wp.com\/jaattlaget.com\/en\/wp-content\/uploads\/2024\/08\/tysnes-in-norway-map-with-sailboats-in-surrounding-sea.png?resize=1050%2C600&ssl=1 3x, https:\/\/i0.wp.com\/jaattlaget.com\/en\/wp-content\/uploads\/2024\/08\/tysnes-in-norway-map-with-sailboats-in-surrounding-sea.png?resize=1400%2C800&ssl=1 4x"},"classes":[]},{"id":428,"url":"https:\/\/jaattlaget.com\/en\/die-jachtsegler-aus-tysnes\/","url_meta":{"origin":191,"position":3},"title":"Die Jachtsegler aus Tysnes","author":"Jarle Petterson","date":"3 June , 2014","format":false,"excerpt":"Die Jachtseglerausstellung in V\u00e5ge, Tysnes, zeigt die Geschichte \u00fcber Tysneseinwohner die nach USA ausgewandert sind, und zwichen 1900 und 1940 professionelle Mannschaften auf amerikanischen Segelregattabooten und Toursegelbooten geworden sind. Reiche Amerikaner verschafften Segeljachte und brauchten Mannschaften die die Boote klarmachen, warten und segeln konnten. America's Cup zu gewinnen, war das\u2026","rel":"","context":"Similar post","block_context":{"text":"Similar post","link":""},"img":{"alt_text":"","src":"","width":0,"height":0},"classes":[]},{"id":16,"url":"https:\/\/jaattlaget.com\/en\/the-story\/","url_meta":{"origin":191,"position":4},"title":"The story","author":"Jarle Petterson","date":"23 April , 2014","format":false,"excerpt":"The crew of J-boat \"Yankee\" in Gosport, England in 1935, most of which from Tysnes. \"Yankee\" partook in numerous British regattas, as well as in France. This website recounts the story of Tysnes (on the west coast of Norway) emigrants to the USA who became professional crew members on American\u2026","rel":"","context":"Similar post","block_context":{"text":"Similar post","link":""},"img":{"alt_text":"","src":"https:\/\/i0.wp.com\/jaattlaget.com\/en\/wp-content\/uploads\/2014\/04\/yankee-crew-gosport.jpg?resize=350%2C200&ssl=1","width":350,"height":200,"srcset":"https:\/\/i0.wp.com\/jaattlaget.com\/en\/wp-content\/uploads\/2014\/04\/yankee-crew-gosport.jpg?resize=350%2C200&ssl=1 1x, https:\/\/i0.wp.com\/jaattlaget.com\/en\/wp-content\/uploads\/2014\/04\/yankee-crew-gosport.jpg?resize=525%2C300&ssl=1 1.5x, https:\/\/i0.wp.com\/jaattlaget.com\/en\/wp-content\/uploads\/2014\/04\/yankee-crew-gosport.jpg?resize=700%2C400&ssl=1 2x, https:\/\/i0.wp.com\/jaattlaget.com\/en\/wp-content\/uploads\/2014\/04\/yankee-crew-gosport.jpg?resize=1050%2C600&ssl=1 3x"},"classes":[]},{"id":18,"url":"https:\/\/jaattlaget.com\/en\/the-exhibition\/","url_meta":{"origin":191,"position":5},"title":"The exhibition","author":"Jarle Petterson","date":"23 April , 2014","format":false,"excerpt":"The yacht sailor exhibtion's current location in Uggdal. The exhibition in the floating boathouse in V\u00e5ge first opened with an event in the V\u00e5ge marina in June 2010, with a high turnout every summer since. The yacht sailor exhibtion's former location in V\u00e5ge. The exhibition has since moved to Tinghuset\u2026","rel":"","context":"Similar post","block_context":{"text":"Similar post","link":""},"img":{"alt_text":"","src":"https:\/\/i0.wp.com\/jaattlaget.com\/en\/wp-content\/uploads\/2024\/08\/J_class_yacht.jpg?resize=350%2C200","width":350,"height":200,"srcset":"https:\/\/i0.wp.com\/jaattlaget.com\/en\/wp-content\/uploads\/2024\/08\/J_class_yacht.jpg?resize=350%2C200 1x, https:\/\/i0.wp.com\/jaattlaget.com\/en\/wp-content\/uploads\/2024\/08\/J_class_yacht.jpg?resize=525%2C300 1.5x, https:\/\/i0.wp.com\/jaattlaget.com\/en\/wp-content\/uploads\/2024\/08\/J_class_yacht.jpg?resize=700%2C400 2x, https:\/\/i0.wp.com\/jaattlaget.com\/en\/wp-content\/uploads\/2024\/08\/J_class_yacht.jpg?resize=1050%2C600 3x, https:\/\/i0.wp.com\/jaattlaget.com\/en\/wp-content\/uploads\/2024\/08\/J_class_yacht.jpg?resize=1400%2C800 4x"},"classes":[]}],"_links":{"self":[{"href":"https:\/\/jaattlaget.com\/en\/wp-json\/wp\/v2\/pages\/191","targetHints":{"allow":["GET"]}}],"collection":[{"href":"https:\/\/jaattlaget.com\/en\/wp-json\/wp\/v2\/pages"}],"about":[{"href":"https:\/\/jaattlaget.com\/en\/wp-json\/wp\/v2\/types\/page"}],"author":[{"embeddable":true,"href":"https:\/\/jaattlaget.com\/en\/wp-json\/wp\/v2\/users\/2"}],"replies":[{"embeddable":true,"href":"https:\/\/jaattlaget.com\/en\/wp-json\/wp\/v2\/comments?post=191"}],"version-history":[{"count":15,"href":"https:\/\/jaattlaget.com\/en\/wp-json\/wp\/v2\/pages\/191\/revisions"}],"predecessor-version":[{"id":3268,"href":"https:\/\/jaattlaget.com\/en\/wp-json\/wp\/v2\/pages\/191\/revisions\/3268"}],"up":[{"embeddable":true,"href":"https:\/\/jaattlaget.com\/en\/wp-json\/wp\/v2\/pages\/16"}],"wp:attachment":[{"href":"https:\/\/jaattlaget.com\/en\/wp-json\/wp\/v2\/media?parent=191"}],"curies":[{"name":"wp","href":"https:\/\/api.w.org\/{rel}","templated":true}]}}